{"id":90,"date":"2013-08-11T19:22:53","date_gmt":"2013-08-11T19:22:53","guid":{"rendered":"http:\/\/localhost:8888\/test\/?page_id=532"},"modified":"2023-10-20T15:53:29","modified_gmt":"2023-10-20T08:53:29","slug":"lien-he","status":"publish","type":"page","link":"https:\/\/attvietnamjsc.com\/vi\/lien-he\/","title":{"rendered":"Li\u00ean h\u1ec7"},"content":{"rendered":"\n\t<section class=\"section\" id=\"section_1420176844\">\n\t\t<div class=\"section-bg fill\" >\n\t\t\t<img loading=\"lazy\" decoding=\"async\" width=\"1280\" height=\"716\" src=\"https:\/\/attvietnamjsc.com\/wp-content\/uploads\/2023\/10\/hop-tac-phat-trien-Large.jpeg\" class=\"bg attachment- size-\" alt=\"\" \/>\t\t\t\t\t\t<div class=\"section-bg-overlay absolute fill\"><\/div>\n\t\t\t\n\n\t\t<\/div>\n\n\t\t\n\n\t\t<div class=\"section-content relative\">\n\t\t\t\n<div class=\"row\"  id=\"row-1810341070\">\n\n\t<div id=\"col-456231902\" class=\"col small-12 large-12\"  >\n\t\t\t\t<div class=\"col-inner dark\"  >\n\t\t\t\n\t\t\t\n<h1 style=\"text-align: center;\"><span style=\"font-size: 200%;\">TH\u01af M\u1edcI H\u1ee2P T\u00c1C<\/span><\/h1>\n<p style=\"text-align: left;\">K\u00ednh g\u1eedi: <em><strong>Qu\u00fd Kh\u00e1ch H\u00e0ng v\u00e0 Qu\u00fd Nh\u00e0 Cung C\u1ea5p<\/strong><\/em><\/p>\n<p style=\"text-align: left;\">L\u1eddi \u0111\u1ea7u ti\u00ean cho ph\u00e9p ATT Vi\u1ec7t Nam xin g\u1eedi t\u1edbi Qu\u00fd v\u1ecb l\u1eddi ch\u00fac s\u1ee9c kh\u1ecfe v\u00e0 l\u1eddi ch\u00e0o tr\u00e2n tr\u1ecdng nh\u1ea5t. Ch\u00fang t\u00f4i xin ch\u00e2n th\u00e0nh c\u1ea3m \u01a1n c\u00e1c Qu\u00fd Kh\u00e1ch H\u00e0ng, Nh\u00e0 Cung C\u1ea5p \u0111\u00e3 h\u1ee3p t\u00e1c v\u1edbi ATT Vi\u1ec7t Nam trong su\u1ed1t th\u1eddi gian v\u1eeba qua.<\/p>\n<p style=\"text-align: left;\">\u0110\u1ecbnh h\u01b0\u1edbng tr\u1edf th\u00e0nh Top 10 nh\u00e0 s\u1ea3n xu\u1ea5t Nh\u1ef1a \u00e9p phun v\u00e0 l\u1eafp r\u00e1p h\u00e0ng \u0111\u1ea7u Vi\u1ec7t Nam, V\u1edbi r\u1ea5t nhi\u1ec1u n\u0103m ho\u1ea1t \u0111\u1ed9ng v\u00e0 ph\u00e1t tri\u1ec3n c\u00f9ng \u0111\u1ed9i ng\u0169 c\u00f3 ki\u1ebfn th\u1ee9c, n\u0103ng l\u1ef1c s\u00e1ng t\u1ea1o v\u00e0 k\u1ef9 n\u0103ng chuy\u00ean m\u00f4n cao, hi\u1ec7n nay ATT Vi\u1ec7t Nam t\u1ef1 tin l\u00e0 m\u1ed9t trong nh\u1eefng nh\u00e0 s\u1ea3n xu\u1ea5t nh\u1ef1a \u00e9p phun chuy\u00ean nghi\u1ec7p h\u00e0ng \u0111\u1ea7u Vi\u1ec7t Nam chuy\u00ean cung c\u00e1c s\u1ea3n ph\u1ea9m ph\u1ee5 tr\u1ee3 cho ng\u00e0nh: <em><strong>May m\u1eb7c, C\u00f4ng nghi\u1ec7p d\u00e2n d\u1ee5ng, C\u00f4ng nghi\u1ec7p n\u1eb7ng, N\u00f4ng nghi\u1ec7p v\u00e0 Ng\u01b0 nghi\u1ec7p.<\/strong><\/em><\/p>\n<p style=\"text-align: left;\">V\u1edbi quy m\u00f4 s\u1ea3n xu\u1ea5t l\u1edbn v\u00e0 ng\u00e0y c\u00e0ng ph\u00e1t tri\u1ec3n, ch\u00fang t\u00f4i lu\u00f4n m\u1edf r\u1ed9ng c\u01a1 h\u1ed9i h\u1ee3p t\u00e1c m\u1edbi v\u1edbi c\u00e1c Qu\u00fd Kh\u00e1ch H\u00e0ng v\u00e0 Qu\u00fd Nh\u00e0 Cung C\u1ea5p trong v\u00e0 ngo\u00e0i n\u01b0\u1edbc. <strong>ATT Vi\u1ec7t Nam tr\u00e2n tr\u1ecdng g\u1eedi l\u1eddi m\u1eddi t\u1edbi Qu\u00fd Kh\u00e1ch H\u00e0ng v\u00e0 Qu\u00fd Nh\u00e0 Cung c\u1ea5p l\u00e0 c\u00e1c T\u1ed5 ch\u1ee9c, Doanh nghi\u1ec7p, C\u00e1 nh\u00e2n quan t\u00e2m v\u00e0 mong mu\u1ed1n h\u1ee3p t\u00e1c tr\u00ean t\u00ecnh th\u1ea7n th\u1ea5u hi\u1ec3u, chia s\u1ebb \u0111\u1ec3 c\u00f9ng nhau t\u1ea1o ra nh\u1eefng s\u1ea3n ph\u1ea9m ph\u1ea9m v\u01b0\u1ee3t s\u1ef1 mong \u0111\u1ee3i. C\u00f9ng ATT t\u1ea1o n\u00ean nh\u1eefng gi\u00e1 tr\u1ecb t\u1ed1t \u0111\u1eb9p b\u1ec1n v\u1eefng trong t\u01b0\u01a1ng lai.<\/strong><\/p>\n<p style=\"text-align: left;\">Ch\u00e2n th\u00e0nh c\u1ea3m \u01a1n!<\/p>\n\t\t<\/div>\n\t\t\t\t\n<style>\n#col-456231902 > .col-inner {\n  padding: 30px 30px 30px 30px;\n}\n<\/style>\n\t<\/div>\n\n\t\n\n<style>\n#row-1810341070 > .col > .col-inner {\n  padding: 0px 0px 50px 0px;\n}\n<\/style>\n<\/div>\n\t\t<\/div>\n\n\t\t\n<style>\n#section_1420176844 {\n  padding-top: 0px;\n  padding-bottom: 0px;\n  min-height: 0px;\n}\n#section_1420176844 .section-bg-overlay {\n  background-color: rgba(0, 0, 0, 0.12);\n}\n#section_1420176844 .section-bg img {\n  object-position: 64% 11%;\n}\n@media (min-width:550px) {\n  #section_1420176844 {\n    padding-top: 0px;\n    padding-bottom: 0px;\n  }\n  #section_1420176844 .section-bg-overlay {\n    background-color: rgba(0, 0, 0, 0.21);\n  }\n}\n@media (min-width:850px) {\n  #section_1420176844 {\n    padding-top: 100px;\n    padding-bottom: 100px;\n  }\n  #section_1420176844 .section-bg-overlay {\n    background-color: rgba(0, 0, 0, 0.227);\n  }\n}\n<\/style>\n\t<\/section>\n\t\n<div class=\"row\" style=\"max-width:\" id=\"row-1523480139\">\n\n\t<div id=\"col-1414450296\" class=\"col small-12 large-12\"  >\n\t\t\t\t<div class=\"col-inner\" style=\"background-color:rgb(255, 255, 255);\" >\n\t\t\t\n\t\t\t\n<h2><span style=\"font-size: 120%;\">Li\u00ean H\u1ec7<\/span><\/h2>\n\t<div id=\"gap-1752730153\" class=\"gap-element clearfix\" style=\"display:block; height:auto;\">\n\t\t\n<style>\n#gap-1752730153 {\n  padding-top: 20px;\n}\n@media (min-width:550px) {\n  #gap-1752730153 {\n    padding-top: 20px;\n  }\n}\n@media (min-width:850px) {\n  #gap-1752730153 {\n    padding-top: 30px;\n  }\n}\n<\/style>\n\t<\/div>\n\t\n<div class=\"row\"  id=\"row-167097348\">\n\n\n\t<div id=\"col-711602764\" class=\"col medium-6 small-12 large-6\"  >\n\t\t\t\t<div class=\"col-inner\"  >\n\t\t\t\n\t\t\t\n\n<p><strong>\u0110\u1ecba ch\u1ec9:<\/strong> L\u00f4 32 B\u00e3i S\u1eady, Khu C\u1ea7u \u0110\u01a1 5, Ph\u01b0\u1eddng H\u00e0 C\u1ea7u, Qu\u1eadn H\u00e0 \u0110\u00f4ng, H\u00e0 N\u1ed9i, Vi\u1ec7t Nam.<\/p>\n<p><strong>Nh\u00e0 m\u00e1y:<\/strong> L\u00f4 CN6, Khu c\u00f4ng nghi\u1ec7p Th\u1ea1ch Th\u1ea5t - Qu\u1ed1c Oai, H. Th\u1ea1ch Th\u1ea5t, H\u00e0 N\u1ed9i, Vi\u1ec7t Nam.<\/p>\n<p><strong>Email:<\/strong> info@attvietnamjsc.com<\/p>\n<p><strong>\u0110i\u1ec7n tho\u1ea1i:<\/strong> +84 2432 003 219<\/p>\n<p><strong>Hotline:<\/strong> +84 946 508 893\u00a0(Zalo\/Whatsapp\/Telegram)<\/p>\n<div class=\"social-icons follow-icons full-width text-left\" ><a href=\"mailto:#\" data-label=\"E-mail\" target=\"_blank\" class=\"icon button circle is-outline tooltip email\" title=\"Send us an email\" aria-label=\"Send us an email\" rel=\"nofollow noopener\"><i class=\"icon-envelop\" aria-hidden=\"true\"><\/i><\/a><\/div>\n\n\n\t\t<\/div>\n\t\t\t\t\t<\/div>\n\n\t\n\n\t<div id=\"col-512090738\" class=\"col medium-6 small-12 large-6\"  >\n\t\t\t\t<div class=\"col-inner\"  >\n\t\t\t\n\t\t\t\n\n\n<div class=\"wpcf7 no-js\" id=\"wpcf7-f1256-o1\" lang=\"en-US\" dir=\"ltr\" data-wpcf7-id=\"1256\">\n<div class=\"screen-reader-response\"><p role=\"status\" aria-live=\"polite\" aria-atomic=\"true\"><\/p> <ul><\/ul><\/div>\n<form action=\"\/vi\/wp-json\/wp\/v2\/pages\/90#wpcf7-f1256-o1\" method=\"post\" class=\"wpcf7-form init\" aria-label=\"Contact form\" novalidate=\"novalidate\" data-status=\"init\">\n<fieldset class=\"hidden-fields-container\"><input type=\"hidden\" name=\"_wpcf7\" value=\"1256\" \/><input type=\"hidden\" name=\"_wpcf7_version\" value=\"6.1.5\" \/><input type=\"hidden\" name=\"_wpcf7_locale\" value=\"en_US\" \/><input type=\"hidden\" name=\"_wpcf7_unit_tag\" value=\"wpcf7-f1256-o1\" \/><input type=\"hidden\" name=\"_wpcf7_container_post\" value=\"0\" \/><input type=\"hidden\" name=\"_wpcf7_posted_data_hash\" value=\"\" \/>\n<\/fieldset>\n<div class=\"form-flat\">\n\t<p><span class=\"wpcf7-form-control-wrap\" data-name=\"your-name\"><input size=\"40\" maxlength=\"400\" class=\"wpcf7-form-control wpcf7-text wpcf7-validates-as-required\" aria-required=\"true\" aria-invalid=\"false\" placeholder=\"H\u1ecd v\u00e0 t\u00ean (b\u1eaft bu\u1ed9c)\" value=\"\" type=\"text\" name=\"your-name\" \/><\/span>\n\t<\/p>\n\t<p><span class=\"wpcf7-form-control-wrap\" data-name=\"your-email\"><input size=\"40\" maxlength=\"400\" class=\"wpcf7-form-control wpcf7-email wpcf7-validates-as-required wpcf7-text wpcf7-validates-as-email\" aria-required=\"true\" aria-invalid=\"false\" placeholder=\"Email (b\u1eaft bu\u1ed9c)\" value=\"\" type=\"email\" name=\"your-email\" \/><\/span>\n\t<\/p>\n\t<p><span class=\"wpcf7-form-control-wrap\" data-name=\"your-message\"><textarea cols=\"40\" rows=\"10\" maxlength=\"2000\" class=\"wpcf7-form-control wpcf7-textarea\" aria-invalid=\"false\" placeholder=\"N\u1ed9i dung (b\u1eaft bu\u1ed9c)\" name=\"your-message\"><\/textarea><\/span>\n\t<\/p>\n\t<p><input type=\"hidden\" name=\"_wpcf7_captcha_challenge_captcha-778\" value=\"572711017\" \/><img loading=\"lazy\" decoding=\"async\" class=\"wpcf7-form-control wpcf7-captchac wpcf7-captcha-captcha-778\" width=\"60\" height=\"20\" alt=\"captcha\" src=\"https:\/\/attvietnamjsc.com\/wp-content\/uploads\/wpcf7_captcha\/572711017.png\" \/><br \/>\n<span class=\"wpcf7-form-control-wrap\" data-name=\"captcha-778\"><input size=\"4\" maxlength=\"4\" class=\"wpcf7-form-control wpcf7-captchar\" autocomplete=\"off\" aria-invalid=\"false\" placeholder=\"Captcha (b\u1eaft bu\u1ed9c)\" value=\"\" type=\"text\" name=\"captcha-778\" \/><\/span>\n\t<\/p>\n\t<p><input class=\"wpcf7-form-control wpcf7-submit has-spinner button\" type=\"submit\" value=\"G\u1eedi\" \/>\n\t<\/p>\n<\/div><div class=\"wpcf7-response-output\" aria-hidden=\"true\"><\/div>\n<\/form>\n<\/div>\n\n\n\n\t\t<\/div>\n\t\t\t\t\t<\/div>\n\n\t\n\n<\/div>\n\t\t<\/div>\n\t\t\t\t\n<style>\n#col-1414450296 > .col-inner {\n  padding: 50px 20px 0px 20px;\n  margin: -0 0px 0px 0px;\n}\n@media (min-width:550px) {\n  #col-1414450296 > .col-inner {\n    padding: 50px 20px 30px 20px;\n    margin: 0 0px 0px 0px;\n  }\n}\n@media (min-width:850px) {\n  #col-1414450296 > .col-inner {\n    padding: 66px 5% 16px 5%;\n    margin: -135px 0px 0px 0px;\n  }\n}\n<\/style>\n\t<\/div>\n\n\t\n<\/div>\n<div class=\"row row-collapse row-full-width\"  id=\"row-339751557\">\n\n\t<div id=\"col-130501247\" class=\"col small-12 large-12 tip-top\" title=\"C\u00d4NG TY C\u1ed4 PH\u1ea6N C\u00d4NG NGH\u1ec6 ATT\" >\n\t\t\t\t<div class=\"col-inner\"  >\n\t\t\t\n\t\t\t\n\n\t<script type=\"text\/javascript\">\n  jQuery( document ).ready(function() {\n    function initialize() {\n        var styles = {\n            'flatsome':  [{\n            \"featureType\": \"administrative\",\n            \"stylers\": [\n              { \"visibility\": \"on\" }\n            ]\n          },\n          {\n            \"featureType\": \"road\",\n            \"stylers\": [\n              { \"visibility\": \"on\" },\n              { \"hue\": \"\" }\n            ]\n          },\n          {\n            \"stylers\": [\n\t\t\t  { \"visibility\": \"on\" },\n\t\t\t  { \"hue\": \"\" },\n\t\t\t  { \"saturation\": -98 }\n            ]\n          }\n        ]};\n\n        var myLatlng = new google.maps.LatLng(21.00967140139, 105.63444366913);\n        var myOptions = {\n            zoom: 15,\n            center: myLatlng,\n            mapTypeId: google.maps.MapTypeId.ROADMAP,\n            disableDefaultUI: true,\n            mapTypeId: 'flatsome',\n            draggable: true,\n            zoomControl: false,\n            zoomControlOptions: {\n              position: google.maps.ControlPosition.TOP_LEFT\n            },\n      \t\t\tmapTypeControl: false,\n            mapTypeControlOptions: {\n              position: google.maps.ControlPosition.TOP_LEFT\n            },\n      \t\t\tstreetViewControl: false,\n            streetViewControlOptions: {\n              position: google.maps.ControlPosition.TOP_LEFT\n            },\n            scrollwheel: false,\n            disableDoubleClickZoom: true\n        }\n        var map = new google.maps.Map(document.getElementById(\"map-3766342066-inner\"), myOptions);\n        var styledMapType = new google.maps.StyledMapType(styles['flatsome'], {name: 'flatsome'});\n        map.mapTypes.set('flatsome', styledMapType);\n\n        var marker = new google.maps.Marker({\n            position: myLatlng,\n            map: map,\n            title:\"\"\n        });\n    }\n\n    \/\/ Required to proceed\n    if (!(typeof google === 'object' && typeof google.maps === 'object')) {\n      return\n    }\n\n    initialize()\n    google.maps.event.addDomListener(window, 'resize', initialize);\n    });\n    <\/script>\n\n    <div class=\"google-map relative mb\" id=\"map-3766342066\">\n        <div class=\"map-height\" id=\"map-3766342066-inner\"><\/div>\n        <div id=\"map_overlay_top\"><\/div>\n        <div id=\"map_overlay_bottom\"><\/div>\n                  <div class=\"map_inner map-inner last-reset absolute x95 md-x95 lg-x95 y95 md-y95 lg-y95\">\n              \n<h4 class=\"has-block tooltipstered\"><a href=\"https:\/\/maps.app.goo.gl\/6ftdkn9DqgmMkv879\"><strong>C\u00d4NG TY C\u1ed4 PH\u1ea6N \u0110\u1ea6U T\u01af C\u00d4NG NGH\u1ec6 ATT<\/strong><\/a><\/h4>\n<p><a href=\"https:\/\/maps.app.goo.gl\/6ftdkn9DqgmMkv879\"><strong>\u0110\u1ecba ch\u1ec9:<\/strong> L\u00f4 CN6 Khu c\u00f4ng nghi\u1ec7p Th\u1ea1ch Th\u1ea5t &#8211; Qu\u1ed1c Oai, H\u00e0 N\u1ed9i<\/a><\/p>\n         <\/div>\n       \n       \n<style>\n#map-3766342066 .map-inner {\n  background-color: #fff;\n  max-width: 30%;\n}\n#map-3766342066 .map-height {\n  height: 600px;\n}\n<\/style>\n    <\/div>\n\n\t\n\t\t<\/div>\n\t\t\t\t\n<style>\n#col-130501247 > .col-inner {\n  padding: 0px 30px 0px 30px;\n}\n<\/style>\n\t<\/div>\n\n\t\n<\/div>\n\n\t<section class=\"section dark\" id=\"section_2073572774\">\n\t\t<div class=\"section-bg fill\" >\n\t\t\t\t\t\t\t\t\t\n\t\t\t\n\n\t\t<\/div>\n\n\t\t\n\n\t\t<div class=\"section-content relative\">\n\t\t\t\n<div class=\"absolute-footer dark medium-text-center text-center tooltipstered\">\n<div class=\"container clearfix\">\n<div class=\"footer-primary pull-left\">\n<div class=\"copyright-footer\" title=\"Shift-click to edit this element.\">Copyright 2023 \u00a9\u00a0<strong>ATT Vietnam JSC<\/strong><\/div>\n<\/div>\n<\/div>\n<\/div>\n\t\t<\/div>\n\n\t\t\n<style>\n#section_2073572774 {\n  padding-top: 0px;\n  padding-bottom: 0px;\n  background-color: rgb(40, 40, 40);\n}\n<\/style>\n\t<\/section>\n\t\n","protected":false},"excerpt":{"rendered":"","protected":false},"author":1,"featured_media":18,"parent":0,"menu_order":0,"comment_status":"closed","ping_status":"closed","template":"page-blank.php","meta":{"footnotes":""},"class_list":["post-90","page","type-page","status-publish","has-post-thumbnail","hentry"],"yoast_head":"<!-- This site is optimized with the Yoast SEO Premium plugin v21.8 (Yoast SEO v27.5) - https:\/\/yoast.com\/product\/yoast-seo-premium-wordpress\/ -->\n<title>Li\u00ean h\u1ec7 - ATT VIETNAM INVESTMENT TECHNOLOGY JSC<\/title>\n<meta name=\"robots\" content=\"index, follow, max-snippet:-1, max-image-preview:large, max-video-preview:-1\" \/>\n<link rel=\"canonical\" href=\"https:\/\/attvietnamjsc.com\/contact\/\" \/>\n<meta property=\"og:locale\" content=\"vi_VN\" \/>\n<meta property=\"og:type\" content=\"article\" \/>\n<meta property=\"og:title\" content=\"Li\u00ean h\u1ec7\" \/>\n<meta property=\"og:url\" content=\"https:\/\/attvietnamjsc.com\/contact\/\" \/>\n<meta property=\"og:site_name\" content=\"ATT VIETNAM INVESTMENT TECHNOLOGY JSC\" \/>\n<meta property=\"article:modified_time\" content=\"2023-10-20T08:53:29+00:00\" \/>\n<meta property=\"og:image\" content=\"https:\/\/attvietnamjsc.com\/wp-content\/uploads\/2016\/08\/dummy-1.jpg\" \/>\n\t<meta property=\"og:image:width\" content=\"400\" \/>\n\t<meta property=\"og:image:height\" content=\"260\" \/>\n\t<meta property=\"og:image:type\" content=\"image\/jpeg\" \/>\n<meta name=\"twitter:card\" content=\"summary_large_image\" \/>\n<meta name=\"twitter:label1\" content=\"Est. reading time\" \/>\n\t<meta name=\"twitter:data1\" content=\"3 minutes\" \/>\n<script type=\"application\/ld+json\" class=\"yoast-schema-graph\">{\"@context\":\"https:\\\/\\\/schema.org\",\"@graph\":[{\"@type\":\"WebPage\",\"@id\":\"https:\\\/\\\/attvietnamjsc.com\\\/contact\\\/\",\"url\":\"https:\\\/\\\/attvietnamjsc.com\\\/contact\\\/\",\"name\":\"Li\u00ean h\u1ec7 - ATT VIETNAM INVESTMENT TECHNOLOGY JSC\",\"isPartOf\":{\"@id\":\"https:\\\/\\\/attvietnamjsc.com\\\/#website\"},\"primaryImageOfPage\":{\"@id\":\"https:\\\/\\\/attvietnamjsc.com\\\/contact\\\/#primaryimage\"},\"image\":{\"@id\":\"https:\\\/\\\/attvietnamjsc.com\\\/contact\\\/#primaryimage\"},\"thumbnailUrl\":\"https:\\\/\\\/attvietnamjsc.com\\\/wp-content\\\/uploads\\\/2016\\\/08\\\/dummy-1.jpg\",\"datePublished\":\"2013-08-11T19:22:53+00:00\",\"dateModified\":\"2023-10-20T08:53:29+00:00\",\"breadcrumb\":{\"@id\":\"https:\\\/\\\/attvietnamjsc.com\\\/contact\\\/#breadcrumb\"},\"inLanguage\":\"vi-VN\",\"potentialAction\":[{\"@type\":\"ReadAction\",\"target\":[\"https:\\\/\\\/attvietnamjsc.com\\\/contact\\\/\"]}]},{\"@type\":\"ImageObject\",\"inLanguage\":\"vi-VN\",\"@id\":\"https:\\\/\\\/attvietnamjsc.com\\\/contact\\\/#primaryimage\",\"url\":\"https:\\\/\\\/attvietnamjsc.com\\\/wp-content\\\/uploads\\\/2016\\\/08\\\/dummy-1.jpg\",\"contentUrl\":\"https:\\\/\\\/attvietnamjsc.com\\\/wp-content\\\/uploads\\\/2016\\\/08\\\/dummy-1.jpg\",\"width\":400,\"height\":260},{\"@type\":\"BreadcrumbList\",\"@id\":\"https:\\\/\\\/attvietnamjsc.com\\\/contact\\\/#breadcrumb\",\"itemListElement\":[{\"@type\":\"ListItem\",\"position\":1,\"name\":\"Home\",\"item\":\"https:\\\/\\\/attvietnamjsc.com\\\/vi\\\/\"},{\"@type\":\"ListItem\",\"position\":2,\"name\":\"Li\u00ean h\u1ec7\"}]},{\"@type\":\"WebSite\",\"@id\":\"https:\\\/\\\/attvietnamjsc.com\\\/#website\",\"url\":\"https:\\\/\\\/attvietnamjsc.com\\\/\",\"name\":\"ATT VIETNAM INVESTMENT TECHNOLOGY JSC\",\"description\":\"ATT Vietnam JSC supply garment hangers, packaging solutions and hanger re-use programs to the world\u2019s largest retailers.\",\"potentialAction\":[{\"@type\":\"SearchAction\",\"target\":{\"@type\":\"EntryPoint\",\"urlTemplate\":\"https:\\\/\\\/attvietnamjsc.com\\\/?s={search_term_string}\"},\"query-input\":{\"@type\":\"PropertyValueSpecification\",\"valueRequired\":true,\"valueName\":\"search_term_string\"}}],\"inLanguage\":\"vi-VN\"}]}<\/script>\n<!-- \/ Yoast SEO Premium plugin. -->","yoast_head_json":{"title":"Li\u00ean h\u1ec7 - ATT VIETNAM INVESTMENT TECHNOLOGY JSC","robots":{"index":"index","follow":"follow","max-snippet":"max-snippet:-1","max-image-preview":"max-image-preview:large","max-video-preview":"max-video-preview:-1"},"canonical":"https:\/\/attvietnamjsc.com\/contact\/","og_locale":"vi_VN","og_type":"article","og_title":"Li\u00ean h\u1ec7","og_url":"https:\/\/attvietnamjsc.com\/contact\/","og_site_name":"ATT VIETNAM INVESTMENT TECHNOLOGY JSC","article_modified_time":"2023-10-20T08:53:29+00:00","og_image":[{"width":400,"height":260,"url":"https:\/\/attvietnamjsc.com\/wp-content\/uploads\/2016\/08\/dummy-1.jpg","type":"image\/jpeg"}],"twitter_card":"summary_large_image","twitter_misc":{"Est. reading time":"3 minutes"},"schema":{"@context":"https:\/\/schema.org","@graph":[{"@type":"WebPage","@id":"https:\/\/attvietnamjsc.com\/contact\/","url":"https:\/\/attvietnamjsc.com\/contact\/","name":"Li\u00ean h\u1ec7 - ATT VIETNAM INVESTMENT TECHNOLOGY JSC","isPartOf":{"@id":"https:\/\/attvietnamjsc.com\/#website"},"primaryImageOfPage":{"@id":"https:\/\/attvietnamjsc.com\/contact\/#primaryimage"},"image":{"@id":"https:\/\/attvietnamjsc.com\/contact\/#primaryimage"},"thumbnailUrl":"https:\/\/attvietnamjsc.com\/wp-content\/uploads\/2016\/08\/dummy-1.jpg","datePublished":"2013-08-11T19:22:53+00:00","dateModified":"2023-10-20T08:53:29+00:00","breadcrumb":{"@id":"https:\/\/attvietnamjsc.com\/contact\/#breadcrumb"},"inLanguage":"vi-VN","potentialAction":[{"@type":"ReadAction","target":["https:\/\/attvietnamjsc.com\/contact\/"]}]},{"@type":"ImageObject","inLanguage":"vi-VN","@id":"https:\/\/attvietnamjsc.com\/contact\/#primaryimage","url":"https:\/\/attvietnamjsc.com\/wp-content\/uploads\/2016\/08\/dummy-1.jpg","contentUrl":"https:\/\/attvietnamjsc.com\/wp-content\/uploads\/2016\/08\/dummy-1.jpg","width":400,"height":260},{"@type":"BreadcrumbList","@id":"https:\/\/attvietnamjsc.com\/contact\/#breadcrumb","itemListElement":[{"@type":"ListItem","position":1,"name":"Home","item":"https:\/\/attvietnamjsc.com\/vi\/"},{"@type":"ListItem","position":2,"name":"Li\u00ean h\u1ec7"}]},{"@type":"WebSite","@id":"https:\/\/attvietnamjsc.com\/#website","url":"https:\/\/attvietnamjsc.com\/","name":"ATT VIETNAM INVESTMENT TECHNOLOGY JSC","description":"ATT Vietnam JSC supply garment hangers, packaging solutions and hanger re-use programs to the world\u2019s largest retailers.","potentialAction":[{"@type":"SearchAction","target":{"@type":"EntryPoint","urlTemplate":"https:\/\/attvietnamjsc.com\/?s={search_term_string}"},"query-input":{"@type":"PropertyValueSpecification","valueRequired":true,"valueName":"search_term_string"}}],"inLanguage":"vi-VN"}]}},"_links":{"self":[{"href":"https:\/\/attvietnamjsc.com\/vi\/wp-json\/wp\/v2\/pages\/90","targetHints":{"allow":["GET"]}}],"collection":[{"href":"https:\/\/attvietnamjsc.com\/vi\/wp-json\/wp\/v2\/pages"}],"about":[{"href":"https:\/\/attvietnamjsc.com\/vi\/wp-json\/wp\/v2\/types\/page"}],"author":[{"embeddable":true,"href":"https:\/\/attvietnamjsc.com\/vi\/wp-json\/wp\/v2\/users\/1"}],"replies":[{"embeddable":true,"href":"https:\/\/attvietnamjsc.com\/vi\/wp-json\/wp\/v2\/comments?post=90"}],"version-history":[{"count":27,"href":"https:\/\/attvietnamjsc.com\/vi\/wp-json\/wp\/v2\/pages\/90\/revisions"}],"predecessor-version":[{"id":1302,"href":"https:\/\/attvietnamjsc.com\/vi\/wp-json\/wp\/v2\/pages\/90\/revisions\/1302"}],"wp:featuredmedia":[{"embeddable":true,"href":"https:\/\/attvietnamjsc.com\/vi\/wp-json\/wp\/v2\/media\/18"}],"wp:attachment":[{"href":"https:\/\/attvietnamjsc.com\/vi\/wp-json\/wp\/v2\/media?parent=90"}],"curies":[{"name":"wp","href":"https:\/\/api.w.org\/{rel}","templated":true}]}}