{"id":507,"date":"2023-08-08T13:08:53","date_gmt":"2023-08-08T06:08:53","guid":{"rendered":"https:\/\/attvietnamjsc.com\/?page_id=507"},"modified":"2023-08-08T13:10:52","modified_gmt":"2023-08-08T06:10:52","slug":"tuyen-dung","status":"publish","type":"page","link":"https:\/\/attvietnamjsc.com\/vi\/tuyen-dung\/","title":{"rendered":"Tuy\u1ec3n d\u1ee5ng"},"content":{"rendered":"\n  <div class=\"banner has-hover has-parallax\" id=\"banner-2067912982\">\n          <div class=\"banner-inner fill\">\n        <div class=\"banner-bg fill\" data-parallax=\"-2\" data-parallax-container=\".banner\" data-parallax-background>\n            <img loading=\"lazy\" decoding=\"async\" width=\"1000\" height=\"650\" src=\"https:\/\/attvietnamjsc.com\/wp-content\/uploads\/2016\/08\/dummy-2.jpg\" class=\"bg attachment-large size-large\" alt=\"\" \/>                        <div class=\"overlay\"><\/div>            \n                    <\/div>\n\t\t\n        <div class=\"banner-layers container\">\n            <div class=\"fill banner-link\"><\/div>            \n   <div id=\"text-box-2101843570\" class=\"text-box banner-layer x50 md-x50 lg-x50 y50 md-y50 lg-y50 res-text\">\n                                <div class=\"text-box-content text dark\">\n              \n              <div class=\"text-inner text-center\">\n                  \n<h3 class=\"uppercase\"><strong>TUY\u1ec2N D\u1ee4NG<\/strong><\/h3>\n<div id=\"gtx-trans\" style=\"position: absolute; left: 211px; top: -4.84375px;\">\n<div class=\"gtx-trans-icon\">\u00a0<\/div>\n<\/div>\n<div class=\"is-divider divider clearfix\" ><\/div>\n<div class=\"social-icons share-icons share-row relative\" ><a href=\"whatsapp:\/\/send?text=Tuy%E1%BB%83n%20d%E1%BB%A5ng - https:\/\/attvietnamjsc.com\/vi\/tuyen-dung\/\" data-action=\"share\/whatsapp\/share\" class=\"icon button circle is-outline tooltip whatsapp show-for-medium\" title=\"Share on WhatsApp\" aria-label=\"Share on WhatsApp\" ><i class=\"icon-whatsapp\" ><\/i><\/a><a href=\"https:\/\/www.facebook.com\/sharer.php?u=https:\/\/attvietnamjsc.com\/vi\/tuyen-dung\/\" data-label=\"Facebook\" onclick=\"window.open(this.href,this.title,'width=500,height=500,top=300px,left=300px'); return false;\" target=\"_blank\" class=\"icon button circle is-outline tooltip facebook\" title=\"Share on Facebook\" aria-label=\"Share on Facebook\" rel=\"noopener nofollow\" ><i class=\"icon-facebook\" ><\/i><\/a><a href=\"https:\/\/twitter.com\/share?url=https:\/\/attvietnamjsc.com\/vi\/tuyen-dung\/\" onclick=\"window.open(this.href,this.title,'width=500,height=500,top=300px,left=300px'); return false;\" target=\"_blank\" class=\"icon button circle is-outline tooltip twitter\" title=\"Share on Twitter\" aria-label=\"Share on Twitter\" rel=\"noopener nofollow\" ><i class=\"icon-twitter\" ><\/i><\/a><a href=\"mailto:?subject=Tuy%E1%BB%83n%20d%E1%BB%A5ng&body=Check%20this%20out%3A%20https%3A%2F%2Fattvietnamjsc.com%2Fvi%2Ftuyen-dung%2F\" class=\"icon button circle is-outline tooltip email\" title=\"Email to a Friend\" aria-label=\"Email to a Friend\" rel=\"nofollow\" ><i class=\"icon-envelop\" ><\/i><\/a><a href=\"https:\/\/pinterest.com\/pin\/create\/button?url=https:\/\/attvietnamjsc.com\/vi\/tuyen-dung\/&media=https:\/\/attvietnamjsc.com\/wp-content\/uploads\/2016\/08\/dummy-1.jpg&description=Tuy%E1%BB%83n%20d%E1%BB%A5ng\" onclick=\"window.open(this.href,this.title,'width=500,height=500,top=300px,left=300px'); return false;\" target=\"_blank\" class=\"icon button circle is-outline tooltip pinterest\" title=\"Pin on Pinterest\" aria-label=\"Pin on Pinterest\" rel=\"noopener nofollow\" ><i class=\"icon-pinterest\" ><\/i><\/a><a href=\"https:\/\/www.linkedin.com\/shareArticle?mini=true&url=https:\/\/attvietnamjsc.com\/vi\/tuyen-dung\/&title=Tuy%E1%BB%83n%20d%E1%BB%A5ng\" onclick=\"window.open(this.href,this.title,'width=500,height=500,top=300px,left=300px'); return false;\" target=\"_blank\" class=\"icon button circle is-outline tooltip linkedin\" title=\"Share on LinkedIn\" aria-label=\"Share on LinkedIn\" rel=\"noopener nofollow\" ><i class=\"icon-linkedin\" ><\/i><\/a><\/div>\n              <\/div>\n           <\/div>\n                            \n<style>\n#text-box-2101843570 {\n  width: 60%;\n}\n#text-box-2101843570 .text-box-content {\n  font-size: 100%;\n}\n@media (min-width:550px) {\n  #text-box-2101843570 {\n    width: 68%;\n  }\n}\n<\/style>\n    <\/div>\n \n        <\/div>\n      <\/div>\n\n            \n<style>\n#banner-2067912982 {\n  padding-top: 300px;\n}\n#banner-2067912982 .overlay {\n  background-color: rgba(0, 0, 0, 0.2);\n}\n<\/style>\n  <\/div>\n\n\n<div class=\"row\"  id=\"row-1819317957\">\n\n\t<div id=\"col-1827346142\" class=\"col small-12 large-12\"  >\n\t\t\t\t<div class=\"col-inner\"  >\n\t\t\t\n\t\t\t\n<p>N\u1ebfu t\u1ee7 qu\u1ea7n \u00e1o c\u1ee7a b\u1ea1n tr\u00f4ng gi\u1ed1ng nh\u01b0 k\u1ec7 h\u00e0ng gi\u1ea3m gi\u00e1 t\u1ea1i c\u1eeda h\u00e0ng th\u1eddi trang \u0111\u1ecba ph\u01b0\u01a1ng v\u00ec b\u1ea1n \u0111\u00e3 t\u00edch lu\u1ef9 qu\u00e1 nhi\u1ec1u m\u00f3c treo kh\u00f4ng ph\u00f9 h\u1ee3p, \u0111\u00f3 l\u00e0 m\u1ed9t d\u1ea5u hi\u1ec7u r\u00f5 r\u00e0ng r\u1eb1ng \u0111\u00e3 \u0111\u1ebfn l\u00fac n\u00e2ng c\u1ea5p.<\/p>\n<p>B\u1ecf \u0111i nh\u1eefng chi\u1ebfc m\u00f3c treo m\u1ecfng manh b\u1ea1n \u0111\u00e3 nh\u1eb7t \u0111\u01b0\u1ee3c qua c\u00e1c n\u0103m s\u1ebd mang l\u1ea1i cho t\u1ee7 qu\u1ea7n \u00e1o c\u1ee7a b\u1ea1n v\u1ebb ngo\u1ea1i g\u1ecdn g\u00e0ng v\u00e0 chuy\u00ean nghi\u1ec7p (m\u00e0 th\u1eadm ch\u00ed kh\u00f4ng c\u1ea7n l\u00e0m s\u1ea1ch th\u1ef1c s\u1ef1!). Khi quy\u1ebft \u0111\u1ecbnh ch\u1ecdn lo\u1ea1i m\u00f3c treo ph\u00f9 h\u1ee3p cho qu\u1ea7n \u00e1o c\u1ee7a b\u1ea1n, vi\u1ec7c xem x\u00e9t lo\u1ea1i qu\u1ea7n \u00e1o b\u1ea1n th\u01b0\u1eddng treo l\u00e0 r\u1ea5t quan tr\u1ecdng. B\u1ea1n c\u00f3 nhi\u1ec1u chi\u1ebfc \u00e1o n\u1eb7ng si\u00eau c\u1ea5p g\u00e2y ra vi\u1ec7c m\u00f3c treo truy\u1ec1n th\u1ed1ng b\u1ecb u\u1ed1n cong? Hay b\u1ea1n \u0111\u1ec3 t\u1ee7 qu\u1ea7n \u00e1o c\u1ee7a m\u00ecnh cho qu\u1ea7n v\u00e0 v\u00e1y? H\u1ea7u h\u1ebft ch\u00fang ta th\u01b0\u1eddng l\u00e0m m\u1ed9t ch\u00fat c\u1ea3 hai, v\u00ec v\u1eady vi\u1ec7c mua v\u00e0i lo\u1ea1i m\u00f3c treo ho\u00e0n to\u00e0n b\u00ecnh th\u01b0\u1eddng &#8211; ch\u1ec9 c\u1ea7n c\u1ed1 g\u1eafng duy tr\u00ec m\u00e0u s\u1eafc t\u01b0\u01a1ng t\u1ef1 \u0111\u1ec3 gi\u1eef v\u1ebb ngo\u1ea1i g\u1ecdn.<\/p>\n<p>T\u1eeb m\u00f3c treo nhung \u0111\u1ebfn g\u1ed7 v\u00e0 \u0111\u1ebfn v\u1eadt li\u1ec7u \u0111\u1ee7 n\u1eb7ng cho chi\u1ebfc \u00e1o len, ch\u00fang t\u00f4i \u0111\u00e3 t\u00ecm ki\u1ebfm v\u00e0 s\u1eafp x\u1ebfp nh\u1eefng chi\u1ebfc m\u00f3c treo t\u1ed1t nh\u1ea5t m\u00e0 b\u1ea1n c\u00f3 th\u1ec3 mua. Vi\u1ec7c m\u1eb7c \u0111\u1ed3 v\u00e0o s\u00e1ng th\u1ee9 Hai v\u1eeba tr\u1edf n\u00ean d\u1ec5 d\u00e0ng h\u01a1n m\u1ed9t ch\u00fat.&#8221;<\/p>\n\t\t<\/div>\n\t\t\t\t\t<\/div>\n\n\t\n<\/div>\n","protected":false},"excerpt":{"rendered":"","protected":false},"author":1,"featured_media":18,"parent":0,"menu_order":0,"comment_status":"closed","ping_status":"closed","template":"page-blank.php","meta":{"footnotes":""},"class_list":["post-507","page","type-page","status-publish","has-post-thumbnail","hentry"],"yoast_head":"<!-- This site is optimized with the Yoast SEO Premium plugin v21.8 (Yoast SEO v23.9) - https:\/\/yoast.com\/wordpress\/plugins\/seo\/ -->\n<title>Tuy\u1ec3n d\u1ee5ng - ATT VIETNAM INVESTMENT TECHNOLOGY JSC<\/title>\n<meta name=\"robots\" content=\"index, follow, max-snippet:-1, max-image-preview:large, max-video-preview:-1\" \/>\n<link rel=\"canonical\" href=\"https:\/\/attvietnamjsc.com\/vi\/tuyen-dung\/\" \/>\n<meta property=\"og:locale\" content=\"vi_VN\" \/>\n<meta property=\"og:type\" content=\"article\" \/>\n<meta property=\"og:title\" content=\"Tuy\u1ec3n d\u1ee5ng\" \/>\n<meta property=\"og:url\" content=\"https:\/\/attvietnamjsc.com\/vi\/tuyen-dung\/\" \/>\n<meta property=\"og:site_name\" content=\"ATT VIETNAM INVESTMENT TECHNOLOGY JSC\" \/>\n<meta property=\"article:modified_time\" content=\"2023-08-08T06:10:52+00:00\" \/>\n<meta property=\"og:image\" content=\"https:\/\/attvietnamjsc.com\/wp-content\/uploads\/2016\/08\/dummy-1.jpg\" \/>\n\t<meta property=\"og:image:width\" content=\"400\" \/>\n\t<meta property=\"og:image:height\" content=\"260\" \/>\n\t<meta property=\"og:image:type\" content=\"image\/jpeg\" \/>\n<meta name=\"twitter:card\" content=\"summary_large_image\" \/>\n<meta name=\"twitter:label1\" content=\"Est. reading time\" \/>\n\t<meta name=\"twitter:data1\" content=\"2 minutes\" \/>\n<script type=\"application\/ld+json\" class=\"yoast-schema-graph\">{\"@context\":\"https:\/\/schema.org\",\"@graph\":[{\"@type\":\"WebPage\",\"@id\":\"https:\/\/attvietnamjsc.com\/vi\/tuyen-dung\/\",\"url\":\"https:\/\/attvietnamjsc.com\/vi\/tuyen-dung\/\",\"name\":\"Tuy\u1ec3n d\u1ee5ng - ATT VIETNAM INVESTMENT TECHNOLOGY JSC\",\"isPartOf\":{\"@id\":\"https:\/\/attvietnamjsc.com\/#website\"},\"primaryImageOfPage\":{\"@id\":\"https:\/\/attvietnamjsc.com\/vi\/tuyen-dung\/#primaryimage\"},\"image\":{\"@id\":\"https:\/\/attvietnamjsc.com\/vi\/tuyen-dung\/#primaryimage\"},\"thumbnailUrl\":\"https:\/\/attvietnamjsc.com\/wp-content\/uploads\/2016\/08\/dummy-1.jpg\",\"datePublished\":\"2023-08-08T06:08:53+00:00\",\"dateModified\":\"2023-08-08T06:10:52+00:00\",\"breadcrumb\":{\"@id\":\"https:\/\/attvietnamjsc.com\/vi\/tuyen-dung\/#breadcrumb\"},\"inLanguage\":\"vi-VN\",\"potentialAction\":[{\"@type\":\"ReadAction\",\"target\":[\"https:\/\/attvietnamjsc.com\/vi\/tuyen-dung\/\"]}]},{\"@type\":\"ImageObject\",\"inLanguage\":\"vi-VN\",\"@id\":\"https:\/\/attvietnamjsc.com\/vi\/tuyen-dung\/#primaryimage\",\"url\":\"https:\/\/attvietnamjsc.com\/wp-content\/uploads\/2016\/08\/dummy-1.jpg\",\"contentUrl\":\"https:\/\/attvietnamjsc.com\/wp-content\/uploads\/2016\/08\/dummy-1.jpg\",\"width\":400,\"height\":260},{\"@type\":\"BreadcrumbList\",\"@id\":\"https:\/\/attvietnamjsc.com\/vi\/tuyen-dung\/#breadcrumb\",\"itemListElement\":[{\"@type\":\"ListItem\",\"position\":1,\"name\":\"Home\",\"item\":\"https:\/\/attvietnamjsc.com\/vi\/\"},{\"@type\":\"ListItem\",\"position\":2,\"name\":\"Tuy\u1ec3n d\u1ee5ng\"}]},{\"@type\":\"WebSite\",\"@id\":\"https:\/\/attvietnamjsc.com\/#website\",\"url\":\"https:\/\/attvietnamjsc.com\/\",\"name\":\"ATT VIETNAM INVESTMENT TECHNOLOGY JSC\",\"description\":\"ATT Vietnam JSC supply garment hangers, packaging solutions and hanger re-use programs to the world\u2019s largest retailers.\",\"potentialAction\":[{\"@type\":\"SearchAction\",\"target\":{\"@type\":\"EntryPoint\",\"urlTemplate\":\"https:\/\/attvietnamjsc.com\/?s={search_term_string}\"},\"query-input\":{\"@type\":\"PropertyValueSpecification\",\"valueRequired\":true,\"valueName\":\"search_term_string\"}}],\"inLanguage\":\"vi-VN\"}]}<\/script>\n<!-- \/ Yoast SEO Premium plugin. -->","yoast_head_json":{"title":"Tuy\u1ec3n d\u1ee5ng - ATT VIETNAM INVESTMENT TECHNOLOGY JSC","robots":{"index":"index","follow":"follow","max-snippet":"max-snippet:-1","max-image-preview":"max-image-preview:large","max-video-preview":"max-video-preview:-1"},"canonical":"https:\/\/attvietnamjsc.com\/vi\/tuyen-dung\/","og_locale":"vi_VN","og_type":"article","og_title":"Tuy\u1ec3n d\u1ee5ng","og_url":"https:\/\/attvietnamjsc.com\/vi\/tuyen-dung\/","og_site_name":"ATT VIETNAM INVESTMENT TECHNOLOGY JSC","article_modified_time":"2023-08-08T06:10:52+00:00","og_image":[{"width":400,"height":260,"url":"https:\/\/attvietnamjsc.com\/wp-content\/uploads\/2016\/08\/dummy-1.jpg","type":"image\/jpeg"}],"twitter_card":"summary_large_image","twitter_misc":{"Est. reading time":"2 minutes"},"schema":{"@context":"https:\/\/schema.org","@graph":[{"@type":"WebPage","@id":"https:\/\/attvietnamjsc.com\/vi\/tuyen-dung\/","url":"https:\/\/attvietnamjsc.com\/vi\/tuyen-dung\/","name":"Tuy\u1ec3n d\u1ee5ng - ATT VIETNAM INVESTMENT TECHNOLOGY JSC","isPartOf":{"@id":"https:\/\/attvietnamjsc.com\/#website"},"primaryImageOfPage":{"@id":"https:\/\/attvietnamjsc.com\/vi\/tuyen-dung\/#primaryimage"},"image":{"@id":"https:\/\/attvietnamjsc.com\/vi\/tuyen-dung\/#primaryimage"},"thumbnailUrl":"https:\/\/attvietnamjsc.com\/wp-content\/uploads\/2016\/08\/dummy-1.jpg","datePublished":"2023-08-08T06:08:53+00:00","dateModified":"2023-08-08T06:10:52+00:00","breadcrumb":{"@id":"https:\/\/attvietnamjsc.com\/vi\/tuyen-dung\/#breadcrumb"},"inLanguage":"vi-VN","potentialAction":[{"@type":"ReadAction","target":["https:\/\/attvietnamjsc.com\/vi\/tuyen-dung\/"]}]},{"@type":"ImageObject","inLanguage":"vi-VN","@id":"https:\/\/attvietnamjsc.com\/vi\/tuyen-dung\/#primaryimage","url":"https:\/\/attvietnamjsc.com\/wp-content\/uploads\/2016\/08\/dummy-1.jpg","contentUrl":"https:\/\/attvietnamjsc.com\/wp-content\/uploads\/2016\/08\/dummy-1.jpg","width":400,"height":260},{"@type":"BreadcrumbList","@id":"https:\/\/attvietnamjsc.com\/vi\/tuyen-dung\/#breadcrumb","itemListElement":[{"@type":"ListItem","position":1,"name":"Home","item":"https:\/\/attvietnamjsc.com\/vi\/"},{"@type":"ListItem","position":2,"name":"Tuy\u1ec3n d\u1ee5ng"}]},{"@type":"WebSite","@id":"https:\/\/attvietnamjsc.com\/#website","url":"https:\/\/attvietnamjsc.com\/","name":"ATT VIETNAM INVESTMENT TECHNOLOGY JSC","description":"ATT Vietnam JSC supply garment hangers, packaging solutions and hanger re-use programs to the world\u2019s largest retailers.","potentialAction":[{"@type":"SearchAction","target":{"@type":"EntryPoint","urlTemplate":"https:\/\/attvietnamjsc.com\/?s={search_term_string}"},"query-input":{"@type":"PropertyValueSpecification","valueRequired":true,"valueName":"search_term_string"}}],"inLanguage":"vi-VN"}]}},"_links":{"self":[{"href":"https:\/\/attvietnamjsc.com\/vi\/wp-json\/wp\/v2\/pages\/507","targetHints":{"allow":["GET"]}}],"collection":[{"href":"https:\/\/attvietnamjsc.com\/vi\/wp-json\/wp\/v2\/pages"}],"about":[{"href":"https:\/\/attvietnamjsc.com\/vi\/wp-json\/wp\/v2\/types\/page"}],"author":[{"embeddable":true,"href":"https:\/\/attvietnamjsc.com\/vi\/wp-json\/wp\/v2\/users\/1"}],"replies":[{"embeddable":true,"href":"https:\/\/attvietnamjsc.com\/vi\/wp-json\/wp\/v2\/comments?post=507"}],"version-history":[{"count":2,"href":"https:\/\/attvietnamjsc.com\/vi\/wp-json\/wp\/v2\/pages\/507\/revisions"}],"predecessor-version":[{"id":509,"href":"https:\/\/attvietnamjsc.com\/vi\/wp-json\/wp\/v2\/pages\/507\/revisions\/509"}],"wp:featuredmedia":[{"embeddable":true,"href":"https:\/\/attvietnamjsc.com\/vi\/wp-json\/wp\/v2\/media\/18"}],"wp:attachment":[{"href":"https:\/\/attvietnamjsc.com\/vi\/wp-json\/wp\/v2\/media?parent=507"}],"curies":[{"name":"wp","href":"https:\/\/api.w.org\/{rel}","templated":true}]}}