{"id":2387,"date":"2024-12-30T16:19:51","date_gmt":"2024-12-30T09:19:51","guid":{"rendered":"https:\/\/attvietnamjsc.com\/certifications-and-standards\/"},"modified":"2024-12-31T10:47:18","modified_gmt":"2024-12-31T03:47:18","slug":"chung-nhan-va-tieu-chuan","status":"publish","type":"page","link":"https:\/\/attvietnamjsc.com\/vi\/chung-nhan-va-tieu-chuan\/","title":{"rendered":"CH\u1ee8NG NH\u1eacN V\u00c0 TI\u00caU CHU\u1ea8N"},"content":{"rendered":"<div class=\"slider-wrapper relative\" id=\"slider-126868897\" >\n    <div class=\"slider slider-nav-circle slider-nav-large slider-nav-light slider-style-normal\"\n        data-flickity-options='{\n            \"cellAlign\": \"center\",\n            \"imagesLoaded\": true,\n            \"lazyLoad\": 1,\n            \"freeScroll\": false,\n            \"wrapAround\": true,\n            \"autoPlay\": 6000,\n            \"pauseAutoPlayOnHover\" : true,\n            \"prevNextButtons\": true,\n            \"contain\" : true,\n            \"adaptiveHeight\" : true,\n            \"dragThreshold\" : 10,\n            \"percentPosition\": true,\n            \"pageDots\": true,\n            \"rightToLeft\": false,\n            \"draggable\": true,\n            \"selectedAttraction\": 0.1,\n            \"parallax\" : 0,\n            \"friction\": 0.6        }'\n        >\n        \n\n  <div class=\"banner has-hover\" id=\"banner-1112002472\">\n          <div class=\"banner-inner fill\">\n        <div class=\"banner-bg fill\" >\n            <img loading=\"lazy\" decoding=\"async\" width=\"1020\" height=\"572\" src=\"https:\/\/attvietnamjsc.com\/wp-content\/uploads\/2024\/12\/background-certificate.webp\" class=\"bg attachment-large size-large\" alt=\"\" \/>                        <div class=\"overlay\"><\/div>            \n                    <\/div>\n\t\t\n        <div class=\"banner-layers container\">\n            <div class=\"fill banner-link\"><\/div>            \n   <div id=\"text-box-1545270955\" class=\"text-box banner-layer x85 md-x85 lg-x85 y30 md-y30 lg-y30 res-text\">\n                     <div data-animate=\"flipInY\">           <div class=\"text-box-content text dark\">\n              \n              <div class=\"text-inner text-center\">\n                  \n<h3 class=\"alt-font\">ATT Vietnam JSC<\/h3>\n\t<div id=\"text-4101771059\" class=\"text\">\n\t\t\n<h1 class=\"h-large uppercase\"><span style=\"font-size: 100%;\"><strong>CH\u1ee8NG NH\u1eacN V\u00c0 TI\u00caU CHU\u1ea8N <\/strong><\/span><\/h1>\n\t\t\n<style>\n#text-4101771059 {\n  font-size: 0.85rem;\n}\n<\/style>\n\t<\/div>\n\t\n              <\/div>\n           <\/div>\n       <\/div>                     \n<style>\n#text-box-1545270955 {\n  margin: 30px 30px 30px 30px;\n  width: 100%;\n}\n#text-box-1545270955 .text-box-content {\n  background-color: rgba(0, 0, 0, 0.337);\n  font-size: 92%;\n}\n@media (min-width:550px) {\n  #text-box-1545270955 {\n    width: 56%;\n  }\n  #text-box-1545270955 .text-box-content {\n    font-size: 100%;\n  }\n}\n<\/style>\n    <\/div>\n \n        <\/div>\n      <\/div>\n\n            \n<style>\n#banner-1112002472 {\n  padding-top: 600px;\n}\n#banner-1112002472 .overlay {\n  background-color: rgba(0, 0, 0, 0.02);\n}\n#banner-1112002472 .banner-bg img {\n  object-position: 50% 50%;\n}\n<\/style>\n  <\/div>\n\n\n     <\/div>\n\n     <div class=\"loading-spin dark large centered\"><\/div>\n\n\t<\/div>\n\n\n<div class=\"row\"  id=\"row-1918255209\">\n\n\t<div id=\"col-2118234657\" class=\"col small-12 large-12\"  >\n\t\t\t\t<div class=\"col-inner\"  >\n\t\t\t\n\t\t\t\n<p>ATT Vi\u1ec7t Nam  t\u1ef1 h\u00e0o l\u00e0 doanh nghi\u1ec7p lu\u00f4n cam k\u1ebft mang \u0111\u1ebfn nh\u1eefng gi\u00e1 tr\u1ecb ch\u1ea5t l\u01b0\u1ee3ng cao nh\u1ea5t th\u00f4ng qua vi\u1ec7c \u00e1p d\u1ee5ng c\u00e1c ti\u00eau chu\u1ea9n qu\u1ed1c t\u1ebf h\u00e0ng \u0111\u1ea7u. M\u1ed7i ch\u1ee9ng nh\u1eadn ch\u00fang t\u00f4i \u0111\u1ea1t \u0111\u01b0\u1ee3c kh\u00f4ng ch\u1ec9 l\u00e0 minh ch\u1ee9ng v\u1ec1 n\u0103ng l\u1ef1c chuy\u00ean m\u00f4n m\u00e0 c\u00f2n th\u1ec3 hi\u1ec7n cam k\u1ebft s\u00e2u s\u1eafc v\u1edbi kh\u00e1ch h\u00e0ng v\u00e0 \u0111\u1ed1i t\u00e1c.<\/p>\n\t\t<\/div>\n\t\t\t\t\t<\/div>\n\n\t\n<\/div>\n<div class=\"row\"  id=\"row-324631738\">\n\n\t<div id=\"col-303427343\" class=\"col medium-4 small-12 large-4\"  >\n\t\t\t\t<div class=\"col-inner\"  >\n\t\t\t\n\t\t\t\n<div class=\"row\"  id=\"row-395825323\">\n\n\t<div id=\"col-240407133\" class=\"col cert-image small-12 large-12\"  >\n\t\t\t\t<div class=\"col-inner\"  >\n\t\t\t\n\t\t\t\n\t<div class=\"img has-hover x md-x lg-x y md-y lg-y\" id=\"image_51824736\">\n\t\t<a class=\"image-lightbox lightbox-gallery\" title=\"\" href=\"https:\/\/attvietnamjsc.com\/wp-content\/uploads\/2024\/12\/ATT-ISO-90012015-566x800.webp\">\t\t\t\t\t\t<div class=\"img-inner dark\" >\n\t\t\t<img loading=\"lazy\" decoding=\"async\" width=\"566\" height=\"800\" src=\"https:\/\/attvietnamjsc.com\/wp-content\/uploads\/2024\/12\/ATT-ISO-90012015-566x800.webp\" class=\"attachment-large size-large\" alt=\"\" srcset=\"https:\/\/attvietnamjsc.com\/wp-content\/uploads\/2024\/12\/ATT-ISO-90012015-566x800.webp 566w, https:\/\/attvietnamjsc.com\/wp-content\/uploads\/2024\/12\/ATT-ISO-90012015-283x400.webp 283w, https:\/\/attvietnamjsc.com\/wp-content\/uploads\/2024\/12\/ATT-ISO-90012015-768x1086.webp 768w, https:\/\/attvietnamjsc.com\/wp-content\/uploads\/2024\/12\/ATT-ISO-90012015-1086x1536.webp 1086w, https:\/\/attvietnamjsc.com\/wp-content\/uploads\/2024\/12\/ATT-ISO-90012015.webp 1448w\" sizes=\"auto, (max-width: 566px) 100vw, 566px\" \/>\t\t\t\t\t\t\n\t\t\t\t\t<\/div>\n\t\t\t\t\t\t<\/a>\t\t\n<style>\n#image_51824736 {\n  width: 100%;\n}\n<\/style>\n\t<\/div>\n\t\n\t\t<\/div>\n\t\t\t\t\t<\/div>\n\n\t\n<\/div>\n\t<div id=\"gap-829763877\" class=\"gap-element clearfix\" style=\"display:block; height:auto;\">\n\t\t\n<style>\n#gap-829763877 {\n  padding-top: 30px;\n}\n<\/style>\n\t<\/div>\n\t\n<div class=\"row\"  id=\"row-1874501909\">\n\n\t<div id=\"col-151843522\" class=\"col cert-text small-12 large-12\"  >\n\t\t\t\t<div class=\"col-inner\"  >\n\t\t\t\n\t\t\t\n<p>V\u1edbi ch\u1ee9ng nh\u1eadn ISO 9001, ch\u00fang t\u00f4i kh\u1eb3ng \u0111\u1ecbnh h\u1ec7 th\u1ed1ng qu\u1ea3n l\u00fd ch\u1ea5t l\u01b0\u1ee3ng chuy\u00ean nghi\u1ec7p, li\u00ean t\u1ee5c c\u1ea3i ti\u1ebfn quy tr\u00ecnh v\u00e0 \u0111\u1ea3m b\u1ea3o s\u1ef1 h\u00e0i l\u00f2ng t\u1ed1i \u0111a cho kh\u00e1ch h\u00e0ng. <\/p>\n\t\t<\/div>\n\t\t\t\t\t<\/div>\n\n\t\n<\/div>\n\t\t<\/div>\n\t\t\t\t\t<\/div>\n\n\t\n\n\t<div id=\"col-337293077\" class=\"col medium-4 small-12 large-4\"  >\n\t\t\t\t<div class=\"col-inner\"  >\n\t\t\t\n\t\t\t\n<div class=\"row\"  id=\"row-1188440243\">\n\n\t<div id=\"col-196812654\" class=\"col cert-image small-12 large-12\"  >\n\t\t\t\t<div class=\"col-inner\"  >\n\t\t\t\n\t\t\t\n\t<div class=\"img has-hover x md-x lg-x y md-y lg-y\" id=\"image_370999739\">\n\t\t<a class=\"image-lightbox lightbox-gallery\" title=\"\" href=\"https:\/\/attvietnamjsc.com\/wp-content\/uploads\/2024\/12\/BSCI.webp\">\t\t\t\t\t\t<div class=\"img-inner dark\" >\n\t\t\t<img loading=\"lazy\" decoding=\"async\" width=\"479\" height=\"506\" src=\"https:\/\/attvietnamjsc.com\/wp-content\/uploads\/2024\/12\/BSCI.webp\" class=\"attachment-large size-large\" alt=\"\" srcset=\"https:\/\/attvietnamjsc.com\/wp-content\/uploads\/2024\/12\/BSCI.webp 479w, https:\/\/attvietnamjsc.com\/wp-content\/uploads\/2024\/12\/BSCI-379x400.webp 379w\" sizes=\"auto, (max-width: 479px) 100vw, 479px\" \/>\t\t\t\t\t\t\n\t\t\t\t\t<\/div>\n\t\t\t\t\t\t<\/a>\t\t\n<style>\n#image_370999739 {\n  width: 100%;\n}\n<\/style>\n\t<\/div>\n\t\n\t\t<\/div>\n\t\t\t\t\t<\/div>\n\n\t\n<\/div>\n<div class=\"row\"  id=\"row-1753981210\">\n\n\t<div id=\"col-118886323\" class=\"col small-12 large-12\"  >\n\t\t\t\t<div class=\"col-inner\"  >\n\t\t\t\n\t\t\t\n\t<div id=\"gap-943757412\" class=\"gap-element clearfix\" style=\"display:block; height:auto;\">\n\t\t\n<style>\n#gap-943757412 {\n  padding-top: 30px;\n}\n<\/style>\n\t<\/div>\n\t\n\t<div id=\"text-3492471737\" class=\"text cert-text\">\n\t\t\n<p>BSCI Rating B minh ch\u1ee9ng cam k\u1ebft c\u1ee7a ch\u00fang t\u00f4i v\u1ec1 tr\u00e1ch nhi\u1ec7m x\u00e3 h\u1ed9i, \u0111\u1ea3m b\u1ea3o \u0111i\u1ec1u ki\u1ec7n l\u00e0m vi\u1ec7c c\u00f4ng b\u1eb1ng, \u0111\u1ea1o \u0111\u1ee9c v\u00e0 nh\u00e2n v\u0103n.<\/p>\n\t\t\t<\/div>\n\t\n\t\t<\/div>\n\t\t\t\t\t<\/div>\n\n\t\n<\/div>\n\t\t<\/div>\n\t\t\t\t\t<\/div>\n\n\t\n\n\t<div id=\"col-1539478530\" class=\"col medium-4 small-12 large-4\"  >\n\t\t\t\t<div class=\"col-inner\"  >\n\t\t\t\n\t\t\t\n<div class=\"row\"  id=\"row-1414777754\">\n\n\t<div id=\"col-426291238\" class=\"col cert-image small-12 large-12\"  >\n\t\t\t\t<div class=\"col-inner\"  >\n\t\t\t\n\t\t\t\n\t<div class=\"img has-hover x md-x lg-x y md-y lg-y\" id=\"image_844600157\">\n\t\t<a class=\"image-lightbox lightbox-gallery\" title=\"\" href=\"https:\/\/attvietnamjsc.com\/wp-content\/uploads\/2024\/12\/Logo-GS1-US-1-1066x800.webp\">\t\t\t\t\t\t<div class=\"img-inner dark\" >\n\t\t\t<img loading=\"lazy\" decoding=\"async\" width=\"1020\" height=\"765\" src=\"https:\/\/attvietnamjsc.com\/wp-content\/uploads\/2024\/12\/Logo-GS1-US-1-1066x800.webp\" class=\"attachment-large size-large\" alt=\"\" srcset=\"https:\/\/attvietnamjsc.com\/wp-content\/uploads\/2024\/12\/Logo-GS1-US-1-1066x800.webp 1066w, https:\/\/attvietnamjsc.com\/wp-content\/uploads\/2024\/12\/Logo-GS1-US-1-533x400.webp 533w, https:\/\/attvietnamjsc.com\/wp-content\/uploads\/2024\/12\/Logo-GS1-US-1-768x576.webp 768w, https:\/\/attvietnamjsc.com\/wp-content\/uploads\/2024\/12\/Logo-GS1-US-1-1536x1152.webp 1536w, https:\/\/attvietnamjsc.com\/wp-content\/uploads\/2024\/12\/Logo-GS1-US-1.webp 1961w\" sizes=\"auto, (max-width: 1020px) 100vw, 1020px\" \/>\t\t\t\t\t\t\n\t\t\t\t\t<\/div>\n\t\t\t\t\t\t<\/a>\t\t\n<style>\n#image_844600157 {\n  width: 100%;\n}\n<\/style>\n\t<\/div>\n\t\n\t\t<\/div>\n\t\t\t\t\t<\/div>\n\n\t\n<\/div>\n<div class=\"row\"  id=\"row-1580362529\">\n\n\t<div id=\"col-1169269222\" class=\"col small-12 large-12\"  >\n\t\t\t\t<div class=\"col-inner\"  >\n\t\t\t\n\t\t\t\n\t<div id=\"gap-353064240\" class=\"gap-element clearfix\" style=\"display:block; height:auto;\">\n\t\t\n<style>\n#gap-353064240 {\n  padding-top: 30px;\n}\n<\/style>\n\t<\/div>\n\t\n\t<div id=\"text-1093782715\" class=\"text cert-text\">\n\t\t\n<p>Ch\u00fang t\u00f4i \u0111ang \u00e1p d\u1ee5ng ti\u00eau chu\u1ea9n GS1 US \u0111\u1ec3 \u0111\u1ea3m b\u1ea3o s\u1ef1 minh b\u1ea1ch v\u00e0 chuy\u00ean nghi\u1ec7p trong qu\u1ea3n l\u00fd chu\u1ed7i cung \u1ee9ng. Ch\u00fang t\u00f4i cam k\u1ebft mang \u0111\u1ebfn cho kh\u00e1ch h\u00e0ng nh\u1eefng s\u1ea3n ph\u1ea9m v\u00e0 d\u1ecbch v\u1ee5 \u0111\u01b0\u1ee3c ki\u1ec3m so\u00e1t ch\u1eb7t ch\u1ebd, c\u00f3 th\u1ec3 truy xu\u1ea5t ngu\u1ed3n g\u1ed1c m\u1ed9t c\u00e1ch ch\u00ednh x\u00e1c.<\/p>\n\t\t\t<\/div>\n\t\n\t\t<\/div>\n\t\t\t\t\t<\/div>\n\n\t\n<\/div>\n\t\t<\/div>\n\t\t\t\t\t<\/div>\n\n\t\n<\/div>\n<div class=\"row\"  id=\"row-984988562\">\n\n\t<div id=\"col-1327654793\" class=\"col small-12 large-12\"  >\n\t\t\t\t<div class=\"col-inner\"  >\n\t\t\t\n\t\t\t\n<p>&#8220;Nh\u1eefng ch\u1ee9ng nh\u1eadn v\u00e0 ti\u00eau chu\u1ea9n n\u00e0y kh\u00f4ng ch\u1ec9 l\u00e0 danh hi\u1ec7u m\u00e0 c\u00f2n l\u00e0 cam k\u1ebft c\u1ee7a ch\u00fang t\u00f4i v\u1ec1 ch\u1ea5t l\u01b0\u1ee3ng, \u0111\u1ea1o \u0111\u1ee9c v\u00e0 s\u1ef1 t\u1eadn t\u00e2m. Ch\u00fang t\u00f4i lu\u00f4n n\u1ed7 l\u1ef1c v\u01b0\u1ee3t tr\u1ed9i \u0111\u1ec3 x\u1ee9ng \u0111\u00e1ng v\u1edbi ni\u1ec1m tin m\u00e0 kh\u00e1ch h\u00e0ng \u0111\u00e3 d\u00e0nh cho m\u00ecnh.<\/p>\n<p><strong>Xin c\u1ea3m \u01a1n!<\/strong><\/p>\n\t\t<\/div>\n\t\t\t\t\t<\/div>\n\n\t\n<\/div>\n","protected":false},"excerpt":{"rendered":"","protected":false},"author":1,"featured_media":0,"parent":0,"menu_order":0,"comment_status":"closed","ping_status":"closed","template":"page-blank.php","meta":{"footnotes":""},"class_list":["post-2387","page","type-page","status-publish","hentry"],"yoast_head":"<!-- This site is optimized with the Yoast SEO Premium plugin v21.8 (Yoast SEO v23.9) - https:\/\/yoast.com\/wordpress\/plugins\/seo\/ -->\n<title>CH\u1ee8NG NH\u1eacN V\u00c0 TI\u00caU CHU\u1ea8N - ATT VIETNAM INVESTMENT TECHNOLOGY JSC<\/title>\n<meta name=\"robots\" content=\"index, follow, max-snippet:-1, max-image-preview:large, max-video-preview:-1\" \/>\n<link rel=\"canonical\" href=\"https:\/\/attvietnamjsc.com\/vi\/chung-nhan-va-tieu-chuan\/\" \/>\n<meta property=\"og:locale\" content=\"vi_VN\" \/>\n<meta property=\"og:type\" content=\"article\" \/>\n<meta property=\"og:title\" content=\"CH\u1ee8NG NH\u1eacN V\u00c0 TI\u00caU CHU\u1ea8N\" \/>\n<meta property=\"og:url\" content=\"https:\/\/attvietnamjsc.com\/vi\/chung-nhan-va-tieu-chuan\/\" \/>\n<meta property=\"og:site_name\" content=\"ATT VIETNAM INVESTMENT TECHNOLOGY JSC\" \/>\n<meta property=\"article:modified_time\" content=\"2024-12-31T03:47:18+00:00\" \/>\n<meta name=\"twitter:card\" content=\"summary_large_image\" \/>\n<meta name=\"twitter:label1\" content=\"Est. reading time\" \/>\n\t<meta name=\"twitter:data1\" content=\"2 minutes\" \/>\n<script type=\"application\/ld+json\" class=\"yoast-schema-graph\">{\"@context\":\"https:\/\/schema.org\",\"@graph\":[{\"@type\":\"WebPage\",\"@id\":\"https:\/\/attvietnamjsc.com\/vi\/chung-nhan-va-tieu-chuan\/\",\"url\":\"https:\/\/attvietnamjsc.com\/vi\/chung-nhan-va-tieu-chuan\/\",\"name\":\"CH\u1ee8NG NH\u1eacN V\u00c0 TI\u00caU CHU\u1ea8N - ATT VIETNAM INVESTMENT TECHNOLOGY JSC\",\"isPartOf\":{\"@id\":\"https:\/\/attvietnamjsc.com\/#website\"},\"datePublished\":\"2024-12-30T09:19:51+00:00\",\"dateModified\":\"2024-12-31T03:47:18+00:00\",\"breadcrumb\":{\"@id\":\"https:\/\/attvietnamjsc.com\/vi\/chung-nhan-va-tieu-chuan\/#breadcrumb\"},\"inLanguage\":\"vi-VN\",\"potentialAction\":[{\"@type\":\"ReadAction\",\"target\":[\"https:\/\/attvietnamjsc.com\/vi\/chung-nhan-va-tieu-chuan\/\"]}]},{\"@type\":\"BreadcrumbList\",\"@id\":\"https:\/\/attvietnamjsc.com\/vi\/chung-nhan-va-tieu-chuan\/#breadcrumb\",\"itemListElement\":[{\"@type\":\"ListItem\",\"position\":1,\"name\":\"Home\",\"item\":\"https:\/\/attvietnamjsc.com\/vi\/\"},{\"@type\":\"ListItem\",\"position\":2,\"name\":\"CH\u1ee8NG NH\u1eacN V\u00c0 TI\u00caU CHU\u1ea8N\"}]},{\"@type\":\"WebSite\",\"@id\":\"https:\/\/attvietnamjsc.com\/#website\",\"url\":\"https:\/\/attvietnamjsc.com\/\",\"name\":\"ATT VIETNAM INVESTMENT TECHNOLOGY JSC\",\"description\":\"ATT Vietnam JSC supply garment hangers, packaging solutions and hanger re-use programs to the world\u2019s largest retailers.\",\"potentialAction\":[{\"@type\":\"SearchAction\",\"target\":{\"@type\":\"EntryPoint\",\"urlTemplate\":\"https:\/\/attvietnamjsc.com\/?s={search_term_string}\"},\"query-input\":{\"@type\":\"PropertyValueSpecification\",\"valueRequired\":true,\"valueName\":\"search_term_string\"}}],\"inLanguage\":\"vi-VN\"}]}<\/script>\n<!-- \/ Yoast SEO Premium plugin. -->","yoast_head_json":{"title":"CH\u1ee8NG NH\u1eacN V\u00c0 TI\u00caU CHU\u1ea8N - ATT VIETNAM INVESTMENT TECHNOLOGY JSC","robots":{"index":"index","follow":"follow","max-snippet":"max-snippet:-1","max-image-preview":"max-image-preview:large","max-video-preview":"max-video-preview:-1"},"canonical":"https:\/\/attvietnamjsc.com\/vi\/chung-nhan-va-tieu-chuan\/","og_locale":"vi_VN","og_type":"article","og_title":"CH\u1ee8NG NH\u1eacN V\u00c0 TI\u00caU CHU\u1ea8N","og_url":"https:\/\/attvietnamjsc.com\/vi\/chung-nhan-va-tieu-chuan\/","og_site_name":"ATT VIETNAM INVESTMENT TECHNOLOGY JSC","article_modified_time":"2024-12-31T03:47:18+00:00","twitter_card":"summary_large_image","twitter_misc":{"Est. reading time":"2 minutes"},"schema":{"@context":"https:\/\/schema.org","@graph":[{"@type":"WebPage","@id":"https:\/\/attvietnamjsc.com\/vi\/chung-nhan-va-tieu-chuan\/","url":"https:\/\/attvietnamjsc.com\/vi\/chung-nhan-va-tieu-chuan\/","name":"CH\u1ee8NG NH\u1eacN V\u00c0 TI\u00caU CHU\u1ea8N - ATT VIETNAM INVESTMENT TECHNOLOGY JSC","isPartOf":{"@id":"https:\/\/attvietnamjsc.com\/#website"},"datePublished":"2024-12-30T09:19:51+00:00","dateModified":"2024-12-31T03:47:18+00:00","breadcrumb":{"@id":"https:\/\/attvietnamjsc.com\/vi\/chung-nhan-va-tieu-chuan\/#breadcrumb"},"inLanguage":"vi-VN","potentialAction":[{"@type":"ReadAction","target":["https:\/\/attvietnamjsc.com\/vi\/chung-nhan-va-tieu-chuan\/"]}]},{"@type":"BreadcrumbList","@id":"https:\/\/attvietnamjsc.com\/vi\/chung-nhan-va-tieu-chuan\/#breadcrumb","itemListElement":[{"@type":"ListItem","position":1,"name":"Home","item":"https:\/\/attvietnamjsc.com\/vi\/"},{"@type":"ListItem","position":2,"name":"CH\u1ee8NG NH\u1eacN V\u00c0 TI\u00caU CHU\u1ea8N"}]},{"@type":"WebSite","@id":"https:\/\/attvietnamjsc.com\/#website","url":"https:\/\/attvietnamjsc.com\/","name":"ATT VIETNAM INVESTMENT TECHNOLOGY JSC","description":"ATT Vietnam JSC supply garment hangers, packaging solutions and hanger re-use programs to the world\u2019s largest retailers.","potentialAction":[{"@type":"SearchAction","target":{"@type":"EntryPoint","urlTemplate":"https:\/\/attvietnamjsc.com\/?s={search_term_string}"},"query-input":{"@type":"PropertyValueSpecification","valueRequired":true,"valueName":"search_term_string"}}],"inLanguage":"vi-VN"}]}},"_links":{"self":[{"href":"https:\/\/attvietnamjsc.com\/vi\/wp-json\/wp\/v2\/pages\/2387","targetHints":{"allow":["GET"]}}],"collection":[{"href":"https:\/\/attvietnamjsc.com\/vi\/wp-json\/wp\/v2\/pages"}],"about":[{"href":"https:\/\/attvietnamjsc.com\/vi\/wp-json\/wp\/v2\/types\/page"}],"author":[{"embeddable":true,"href":"https:\/\/attvietnamjsc.com\/vi\/wp-json\/wp\/v2\/users\/1"}],"replies":[{"embeddable":true,"href":"https:\/\/attvietnamjsc.com\/vi\/wp-json\/wp\/v2\/comments?post=2387"}],"version-history":[{"count":5,"href":"https:\/\/attvietnamjsc.com\/vi\/wp-json\/wp\/v2\/pages\/2387\/revisions"}],"predecessor-version":[{"id":2392,"href":"https:\/\/attvietnamjsc.com\/vi\/wp-json\/wp\/v2\/pages\/2387\/revisions\/2392"}],"wp:attachment":[{"href":"https:\/\/attvietnamjsc.com\/vi\/wp-json\/wp\/v2\/media?parent=2387"}],"curies":[{"name":"wp","href":"https:\/\/api.w.org\/{rel}","templated":true}]}}