{"id":1315,"date":"2023-10-21T10:42:44","date_gmt":"2023-10-21T03:42:44","guid":{"rendered":"https:\/\/attvietnamjsc.com\/?page_id=1315"},"modified":"2023-10-21T11:02:59","modified_gmt":"2023-10-21T04:02:59","slug":"cong-dong-att","status":"publish","type":"page","link":"https:\/\/attvietnamjsc.com\/vi\/cong-dong-att\/","title":{"rendered":"C\u1ed9ng \u0111\u1ed3ng ATT"},"content":{"rendered":"\n  <div class=\"banner has-hover\" id=\"banner-677676974\">\n          <div class=\"banner-inner fill\">\n        <div class=\"banner-bg fill\" >\n            <img loading=\"lazy\" decoding=\"async\" width=\"1020\" height=\"675\" src=\"https:\/\/attvietnamjsc.com\/wp-content\/uploads\/2023\/08\/ATT-Team-Building-Large-1208x800.jpeg\" class=\"bg attachment-large size-large\" alt=\"\" \/>                        <div class=\"overlay\"><\/div>            \n                    <\/div>\n\t\t\n        <div class=\"banner-layers container\">\n            <div class=\"fill banner-link\"><\/div>            \n   <div id=\"text-box-1998159916\" class=\"text-box banner-layer x50 md-x50 lg-x50 y50 md-y50 lg-y50 res-text\">\n                                <div class=\"text-box-content text dark\">\n              \n              <div class=\"text-inner text-center\">\n                  \n<h2 class=\"uppercase\"><strong>ATT VI\u1ec6T NAM<\/strong><\/h2>\n<h2 class=\"uppercase\"><strong>\u0110O\u00c0N K\u1ebeT &#8211; TR\u00c1CH NHI\u1ec6M &#8211; T\u1eacN T\u00c2M<\/strong><\/h2>\n<p class=\"lead\" style=\"text-align: left;\">V\u1edbi v\u0103n ho\u00e1 &#8220;\u0110o\u00e0n k\u1ebft &#8211; tr\u00e1ch nhi\u1ec7m &#8211; t\u1eadn t\u00e2m&#8221;, doanh nghi\u1ec7p t\u1ea1o ra m\u1ed9t m\u00f4i tr\u01b0\u1eddng l\u00e0m vi\u1ec7c t\u00edch c\u1ef1c, gi\u00fap n\u00e2ng cao hi\u1ec7u su\u1ea5t l\u00e0m vi\u1ec7c, t\u0103ng c\u01b0\u1eddng s\u1ef1 h\u00e0i l\u00f2ng v\u00e0 t\u01b0\u01a1ng t\u00e1c t\u00edch c\u1ef1c gi\u1eefa c\u00e1c th\u00e0nh vi\u00ean trong doanh nghi\u1ec7p. \u0110\u1ed3ng th\u1eddi, v\u0103n ho\u00e1 n\u00e0y c\u0169ng t\u1ea1o n\u00ean m\u1ed9t h\u00ecnh \u1ea3nh \u0111\u00e1ng tin c\u1eady v\u00e0 chuy\u00ean nghi\u1ec7p c\u1ee7a doanh nghi\u1ec7p trong m\u1eaft kh\u00e1ch h\u00e0ng v\u00e0 \u0111\u1ed1i t\u00e1c.<\/p>\n<div id=\"gtx-trans\" style=\"position: absolute; left: 220px; top: 128.781px;\">\n<div class=\"gtx-trans-icon\"><\/div>\n<\/div>\n              <\/div>\n           <\/div>\n                            \n<style>\n#text-box-1998159916 {\n  width: 96%;\n}\n#text-box-1998159916 .text-box-content {\n  font-size: 100%;\n}\n<\/style>\n    <\/div>\n \n        <\/div>\n      <\/div>\n\n            \n<style>\n#banner-677676974 {\n  padding-top: 500px;\n}\n#banner-677676974 .overlay {\n  background-color: rgba(0, 0, 0, 0.523);\n}\n#banner-677676974 .banner-bg img {\n  object-position: 35% 77%;\n}\n<\/style>\n  <\/div>\n\n\n<div class=\"container section-title-container\" ><h3 class=\"section-title section-title-center\"><b><\/b><span class=\"section-title-main\" >TEAM BUILDING<\/span><b><\/b><\/h3><\/div>\n\n  \n    <div class=\"row large-columns-4 medium-columns-3 small-columns-2 row-xsmall\" >\n  <div class=\"gallery-col col\" >\n          <div class=\"col-inner\">\n            <a class=\"image-lightbox lightbox-gallery\" href=\"https:\/\/attvietnamjsc.com\/wp-content\/uploads\/2023\/08\/DSC_8920-Large.jpeg\" title=\"\">            <div class=\"box has-hover gallery-box box-shade dark box-text-undefined\">\n              <div class=\"box-image image-zoom image-undefined box-shadow-1 box-shadow-undefined-hover image-cover\" style=\"width:undefined%;padding-top:100%;\">\n                <img loading=\"lazy\" decoding=\"async\" width=\"1280\" height=\"720\" src=\"https:\/\/attvietnamjsc.com\/wp-content\/uploads\/2023\/08\/DSC_8920-Large.jpeg\" class=\"attachment-undefined size-undefined\" alt=\"\" ids=\"653,651,657,737,735,701,699,746\" style=\"shade\" col_spacing=\"xsmall\" depth=\"1\" depth_hover=\"undefined\" image_height=\"100%\" image_width=\"undefined\" image_size=\"undefined\" image_overlay=\"undefined\" image_hover=\"zoom\" image_hover_alt=\"undefined\" text_pos=\"undefined\" text_align=\"undefined\" text_size=\"undefined\" text_bg=\"undefined\" srcset=\"https:\/\/attvietnamjsc.com\/wp-content\/uploads\/2023\/08\/DSC_8920-Large.jpeg 1280w, https:\/\/attvietnamjsc.com\/wp-content\/uploads\/2023\/08\/DSC_8920-Large-711x400.jpeg 711w, https:\/\/attvietnamjsc.com\/wp-content\/uploads\/2023\/08\/DSC_8920-Large-768x432.jpeg 768w, https:\/\/attvietnamjsc.com\/wp-content\/uploads\/2023\/08\/DSC_8920-Large-600x338.jpeg 600w\" sizes=\"auto, (max-width: 1280px) 100vw, 1280px\" \/>                                  <div class=\"overlay fill\"\n                      style=\"background-color: undefined\">\n                  <\/div>\n                                                  <div class=\"shade\"><\/div>\n                                              <\/div>\n              <div class=\"box-text text-undefined is-undefined\" style=\"background-color:undefined;\">\n                 <p><\/p>\n              <\/div>\n            <\/div>\n            <\/a>          <\/div>\n         <\/div><div class=\"gallery-col col\" >\n          <div class=\"col-inner\">\n            <a class=\"image-lightbox lightbox-gallery\" href=\"https:\/\/attvietnamjsc.com\/wp-content\/uploads\/2023\/08\/DSC_8874-Large.jpeg\" title=\"\">            <div class=\"box has-hover gallery-box box-shade dark box-text-undefined\">\n              <div class=\"box-image image-zoom image-undefined box-shadow-1 box-shadow-undefined-hover image-cover\" style=\"width:undefined%;padding-top:100%;\">\n                <img loading=\"lazy\" decoding=\"async\" width=\"1155\" height=\"650\" src=\"https:\/\/attvietnamjsc.com\/wp-content\/uploads\/2023\/08\/DSC_8874-Large.jpeg\" class=\"attachment-undefined size-undefined\" alt=\"\" ids=\"653,651,657,737,735,701,699,746\" style=\"shade\" col_spacing=\"xsmall\" depth=\"1\" depth_hover=\"undefined\" image_height=\"100%\" image_width=\"undefined\" image_size=\"undefined\" image_overlay=\"undefined\" image_hover=\"zoom\" image_hover_alt=\"undefined\" text_pos=\"undefined\" text_align=\"undefined\" text_size=\"undefined\" text_bg=\"undefined\" srcset=\"https:\/\/attvietnamjsc.com\/wp-content\/uploads\/2023\/08\/DSC_8874-Large.jpeg 1155w, https:\/\/attvietnamjsc.com\/wp-content\/uploads\/2023\/08\/DSC_8874-Large-711x400.jpeg 711w, https:\/\/attvietnamjsc.com\/wp-content\/uploads\/2023\/08\/DSC_8874-Large-768x432.jpeg 768w, https:\/\/attvietnamjsc.com\/wp-content\/uploads\/2023\/08\/DSC_8874-Large-600x338.jpeg 600w\" sizes=\"auto, (max-width: 1155px) 100vw, 1155px\" \/>                                  <div class=\"overlay fill\"\n                      style=\"background-color: undefined\">\n                  <\/div>\n                                                  <div class=\"shade\"><\/div>\n                                              <\/div>\n              <div class=\"box-text text-undefined is-undefined\" style=\"background-color:undefined;\">\n                 <p><\/p>\n              <\/div>\n            <\/div>\n            <\/a>          <\/div>\n         <\/div><div class=\"gallery-col col\" >\n          <div class=\"col-inner\">\n            <a class=\"image-lightbox lightbox-gallery\" href=\"https:\/\/attvietnamjsc.com\/wp-content\/uploads\/2023\/08\/DSC_8936-Large.jpeg\" title=\"\">            <div class=\"box has-hover gallery-box box-shade dark box-text-undefined\">\n              <div class=\"box-image image-zoom image-undefined box-shadow-1 box-shadow-undefined-hover image-cover\" style=\"width:undefined%;padding-top:100%;\">\n                <img loading=\"lazy\" decoding=\"async\" width=\"1280\" height=\"720\" src=\"https:\/\/attvietnamjsc.com\/wp-content\/uploads\/2023\/08\/DSC_8936-Large.jpeg\" class=\"attachment-undefined size-undefined\" alt=\"\" ids=\"653,651,657,737,735,701,699,746\" style=\"shade\" col_spacing=\"xsmall\" depth=\"1\" depth_hover=\"undefined\" image_height=\"100%\" image_width=\"undefined\" image_size=\"undefined\" image_overlay=\"undefined\" image_hover=\"zoom\" image_hover_alt=\"undefined\" text_pos=\"undefined\" text_align=\"undefined\" text_size=\"undefined\" text_bg=\"undefined\" srcset=\"https:\/\/attvietnamjsc.com\/wp-content\/uploads\/2023\/08\/DSC_8936-Large.jpeg 1280w, https:\/\/attvietnamjsc.com\/wp-content\/uploads\/2023\/08\/DSC_8936-Large-711x400.jpeg 711w, https:\/\/attvietnamjsc.com\/wp-content\/uploads\/2023\/08\/DSC_8936-Large-768x432.jpeg 768w, https:\/\/attvietnamjsc.com\/wp-content\/uploads\/2023\/08\/DSC_8936-Large-600x338.jpeg 600w\" sizes=\"auto, (max-width: 1280px) 100vw, 1280px\" \/>                                  <div class=\"overlay fill\"\n                      style=\"background-color: undefined\">\n                  <\/div>\n                                                  <div class=\"shade\"><\/div>\n                                              <\/div>\n              <div class=\"box-text text-undefined is-undefined\" style=\"background-color:undefined;\">\n                 <p><\/p>\n              <\/div>\n            <\/div>\n            <\/a>          <\/div>\n         <\/div><div class=\"gallery-col col\" >\n          <div class=\"col-inner\">\n            <a class=\"image-lightbox lightbox-gallery\" href=\"https:\/\/attvietnamjsc.com\/wp-content\/uploads\/2023\/08\/DSC_9434-Large-1208x800.jpeg\" title=\"\">            <div class=\"box has-hover gallery-box box-shade dark box-text-undefined\">\n              <div class=\"box-image image-zoom image-undefined box-shadow-1 box-shadow-undefined-hover image-cover\" style=\"width:undefined%;padding-top:100%;\">\n                <img loading=\"lazy\" decoding=\"async\" width=\"1280\" height=\"848\" src=\"https:\/\/attvietnamjsc.com\/wp-content\/uploads\/2023\/08\/DSC_9434-Large.jpeg\" class=\"attachment-undefined size-undefined\" alt=\"\" ids=\"653,651,657,737,735,701,699,746\" style=\"shade\" col_spacing=\"xsmall\" depth=\"1\" depth_hover=\"undefined\" image_height=\"100%\" image_width=\"undefined\" image_size=\"undefined\" image_overlay=\"undefined\" image_hover=\"zoom\" image_hover_alt=\"undefined\" text_pos=\"undefined\" text_align=\"undefined\" text_size=\"undefined\" text_bg=\"undefined\" srcset=\"https:\/\/attvietnamjsc.com\/wp-content\/uploads\/2023\/08\/DSC_9434-Large.jpeg 1280w, https:\/\/attvietnamjsc.com\/wp-content\/uploads\/2023\/08\/DSC_9434-Large-604x400.jpeg 604w, https:\/\/attvietnamjsc.com\/wp-content\/uploads\/2023\/08\/DSC_9434-Large-1208x800.jpeg 1208w, https:\/\/attvietnamjsc.com\/wp-content\/uploads\/2023\/08\/DSC_9434-Large-768x509.jpeg 768w, https:\/\/attvietnamjsc.com\/wp-content\/uploads\/2023\/08\/DSC_9434-Large-600x398.jpeg 600w\" sizes=\"auto, (max-width: 1280px) 100vw, 1280px\" \/>                                  <div class=\"overlay fill\"\n                      style=\"background-color: undefined\">\n                  <\/div>\n                                                  <div class=\"shade\"><\/div>\n                                              <\/div>\n              <div class=\"box-text text-undefined is-undefined\" style=\"background-color:undefined;\">\n                 <p><\/p>\n              <\/div>\n            <\/div>\n            <\/a>          <\/div>\n         <\/div><div class=\"gallery-col col\" >\n          <div class=\"col-inner\">\n            <a class=\"image-lightbox lightbox-gallery\" href=\"https:\/\/attvietnamjsc.com\/wp-content\/uploads\/2023\/08\/DSC_9424-Large.jpg\" title=\"\">            <div class=\"box has-hover gallery-box box-shade dark box-text-undefined\">\n              <div class=\"box-image image-zoom image-undefined box-shadow-1 box-shadow-undefined-hover image-cover\" style=\"width:undefined%;padding-top:100%;\">\n                <img loading=\"lazy\" decoding=\"async\" width=\"1211\" height=\"681\" src=\"https:\/\/attvietnamjsc.com\/wp-content\/uploads\/2023\/08\/DSC_9424-Large.jpg\" class=\"attachment-undefined size-undefined\" alt=\"\" ids=\"653,651,657,737,735,701,699,746\" style=\"shade\" col_spacing=\"xsmall\" depth=\"1\" depth_hover=\"undefined\" image_height=\"100%\" image_width=\"undefined\" image_size=\"undefined\" image_overlay=\"undefined\" image_hover=\"zoom\" image_hover_alt=\"undefined\" text_pos=\"undefined\" text_align=\"undefined\" text_size=\"undefined\" text_bg=\"undefined\" srcset=\"https:\/\/attvietnamjsc.com\/wp-content\/uploads\/2023\/08\/DSC_9424-Large.jpg 1211w, https:\/\/attvietnamjsc.com\/wp-content\/uploads\/2023\/08\/DSC_9424-Large-711x400.jpg 711w, https:\/\/attvietnamjsc.com\/wp-content\/uploads\/2023\/08\/DSC_9424-Large-768x432.jpg 768w, https:\/\/attvietnamjsc.com\/wp-content\/uploads\/2023\/08\/DSC_9424-Large-600x337.jpg 600w\" sizes=\"auto, (max-width: 1211px) 100vw, 1211px\" \/>                                  <div class=\"overlay fill\"\n                      style=\"background-color: undefined\">\n                  <\/div>\n                                                  <div class=\"shade\"><\/div>\n                                              <\/div>\n              <div class=\"box-text text-undefined is-undefined\" style=\"background-color:undefined;\">\n                 <p><\/p>\n              <\/div>\n            <\/div>\n            <\/a>          <\/div>\n         <\/div><div class=\"gallery-col col\" >\n          <div class=\"col-inner\">\n            <a class=\"image-lightbox lightbox-gallery\" href=\"https:\/\/attvietnamjsc.com\/wp-content\/uploads\/2023\/08\/DSC_9520-Large.jpeg\" title=\"\">            <div class=\"box has-hover gallery-box box-shade dark box-text-undefined\">\n              <div class=\"box-image image-zoom image-undefined box-shadow-1 box-shadow-undefined-hover image-cover\" style=\"width:undefined%;padding-top:100%;\">\n                <img loading=\"lazy\" decoding=\"async\" width=\"1087\" height=\"612\" src=\"https:\/\/attvietnamjsc.com\/wp-content\/uploads\/2023\/08\/DSC_9520-Large.jpeg\" class=\"attachment-undefined size-undefined\" alt=\"\" ids=\"653,651,657,737,735,701,699,746\" style=\"shade\" col_spacing=\"xsmall\" depth=\"1\" depth_hover=\"undefined\" image_height=\"100%\" image_width=\"undefined\" image_size=\"undefined\" image_overlay=\"undefined\" image_hover=\"zoom\" image_hover_alt=\"undefined\" text_pos=\"undefined\" text_align=\"undefined\" text_size=\"undefined\" text_bg=\"undefined\" srcset=\"https:\/\/attvietnamjsc.com\/wp-content\/uploads\/2023\/08\/DSC_9520-Large.jpeg 1087w, https:\/\/attvietnamjsc.com\/wp-content\/uploads\/2023\/08\/DSC_9520-Large-710x400.jpeg 710w, https:\/\/attvietnamjsc.com\/wp-content\/uploads\/2023\/08\/DSC_9520-Large-768x432.jpeg 768w, https:\/\/attvietnamjsc.com\/wp-content\/uploads\/2023\/08\/DSC_9520-Large-600x338.jpeg 600w\" sizes=\"auto, (max-width: 1087px) 100vw, 1087px\" \/>                                  <div class=\"overlay fill\"\n                      style=\"background-color: undefined\">\n                  <\/div>\n                                                  <div class=\"shade\"><\/div>\n                                              <\/div>\n              <div class=\"box-text text-undefined is-undefined\" style=\"background-color:undefined;\">\n                 <p><\/p>\n              <\/div>\n            <\/div>\n            <\/a>          <\/div>\n         <\/div><div class=\"gallery-col col\" >\n          <div class=\"col-inner\">\n            <a class=\"image-lightbox lightbox-gallery\" href=\"https:\/\/attvietnamjsc.com\/wp-content\/uploads\/2023\/08\/DSC_9502-Large.jpeg\" title=\"\">            <div class=\"box has-hover gallery-box box-shade dark box-text-undefined\">\n              <div class=\"box-image image-zoom image-undefined box-shadow-1 box-shadow-undefined-hover image-cover\" style=\"width:undefined%;padding-top:100%;\">\n                <img loading=\"lazy\" decoding=\"async\" width=\"1103\" height=\"621\" src=\"https:\/\/attvietnamjsc.com\/wp-content\/uploads\/2023\/08\/DSC_9502-Large.jpeg\" class=\"attachment-undefined size-undefined\" alt=\"\" ids=\"653,651,657,737,735,701,699,746\" style=\"shade\" col_spacing=\"xsmall\" depth=\"1\" depth_hover=\"undefined\" image_height=\"100%\" image_width=\"undefined\" image_size=\"undefined\" image_overlay=\"undefined\" image_hover=\"zoom\" image_hover_alt=\"undefined\" text_pos=\"undefined\" text_align=\"undefined\" text_size=\"undefined\" text_bg=\"undefined\" srcset=\"https:\/\/attvietnamjsc.com\/wp-content\/uploads\/2023\/08\/DSC_9502-Large.jpeg 1103w, https:\/\/attvietnamjsc.com\/wp-content\/uploads\/2023\/08\/DSC_9502-Large-710x400.jpeg 710w, https:\/\/attvietnamjsc.com\/wp-content\/uploads\/2023\/08\/DSC_9502-Large-768x432.jpeg 768w, https:\/\/attvietnamjsc.com\/wp-content\/uploads\/2023\/08\/DSC_9502-Large-600x338.jpeg 600w\" sizes=\"auto, (max-width: 1103px) 100vw, 1103px\" \/>                                  <div class=\"overlay fill\"\n                      style=\"background-color: undefined\">\n                  <\/div>\n                                                  <div class=\"shade\"><\/div>\n                                              <\/div>\n              <div class=\"box-text text-undefined is-undefined\" style=\"background-color:undefined;\">\n                 <p><\/p>\n              <\/div>\n            <\/div>\n            <\/a>          <\/div>\n         <\/div><div class=\"gallery-col col\" >\n          <div class=\"col-inner\">\n            <a class=\"image-lightbox lightbox-gallery\" href=\"https:\/\/attvietnamjsc.com\/wp-content\/uploads\/2023\/08\/DSC_9001-1208x800.jpg\" title=\"\">            <div class=\"box has-hover gallery-box box-shade dark box-text-undefined\">\n              <div class=\"box-image image-zoom image-undefined box-shadow-1 box-shadow-undefined-hover image-cover\" style=\"width:undefined%;padding-top:100%;\">\n                <img loading=\"lazy\" decoding=\"async\" width=\"2560\" height=\"1696\" src=\"https:\/\/attvietnamjsc.com\/wp-content\/uploads\/2023\/08\/DSC_9001-scaled.jpg\" class=\"attachment-undefined size-undefined\" alt=\"\" ids=\"653,651,657,737,735,701,699,746\" style=\"shade\" col_spacing=\"xsmall\" depth=\"1\" depth_hover=\"undefined\" image_height=\"100%\" image_width=\"undefined\" image_size=\"undefined\" image_overlay=\"undefined\" image_hover=\"zoom\" image_hover_alt=\"undefined\" text_pos=\"undefined\" text_align=\"undefined\" text_size=\"undefined\" text_bg=\"undefined\" srcset=\"https:\/\/attvietnamjsc.com\/wp-content\/uploads\/2023\/08\/DSC_9001-scaled.jpg 2560w, https:\/\/attvietnamjsc.com\/wp-content\/uploads\/2023\/08\/DSC_9001-604x400.jpg 604w, https:\/\/attvietnamjsc.com\/wp-content\/uploads\/2023\/08\/DSC_9001-1208x800.jpg 1208w, https:\/\/attvietnamjsc.com\/wp-content\/uploads\/2023\/08\/DSC_9001-768x509.jpg 768w, https:\/\/attvietnamjsc.com\/wp-content\/uploads\/2023\/08\/DSC_9001-1536x1017.jpg 1536w, https:\/\/attvietnamjsc.com\/wp-content\/uploads\/2023\/08\/DSC_9001-2048x1356.jpg 2048w, https:\/\/attvietnamjsc.com\/wp-content\/uploads\/2023\/08\/DSC_9001-600x397.jpg 600w\" sizes=\"auto, (max-width: 2560px) 100vw, 2560px\" \/>                                  <div class=\"overlay fill\"\n                      style=\"background-color: undefined\">\n                  <\/div>\n                                                  <div class=\"shade\"><\/div>\n                                              <\/div>\n              <div class=\"box-text text-undefined is-undefined\" style=\"background-color:undefined;\">\n                 <p><\/p>\n              <\/div>\n            <\/div>\n            <\/a>          <\/div>\n         <\/div><\/div>\n<div class=\"container section-title-container\" style=\"margin-top:30px;\"><h3 class=\"section-title section-title-center\"><b><\/b><span class=\"section-title-main\" >TUY\u1ec2N D\u1ee4NG<\/span><b><\/b><\/h3><\/div>\n\n  \n    <div class=\"row large-columns-4 medium-columns-3 small-columns-1 has-shadow row-box-shadow-2\" >\n  <\/div>\n","protected":false},"excerpt":{"rendered":"","protected":false},"author":2,"featured_media":18,"parent":0,"menu_order":11,"comment_status":"closed","ping_status":"closed","template":"page-blank.php","meta":{"footnotes":""},"class_list":["post-1315","page","type-page","status-publish","has-post-thumbnail","hentry"],"yoast_head":"<!-- This site is optimized with the Yoast SEO Premium plugin v21.8 (Yoast SEO v23.9) - https:\/\/yoast.com\/wordpress\/plugins\/seo\/ -->\n<title>C\u1ed9ng \u0111\u1ed3ng ATT - ATT VIETNAM INVESTMENT TECHNOLOGY JSC<\/title>\n<meta name=\"robots\" content=\"index, follow, max-snippet:-1, max-image-preview:large, max-video-preview:-1\" \/>\n<link rel=\"canonical\" href=\"https:\/\/attvietnamjsc.com\/vi\/cong-dong-att\/\" \/>\n<meta property=\"og:locale\" content=\"vi_VN\" \/>\n<meta property=\"og:type\" content=\"article\" \/>\n<meta property=\"og:title\" content=\"C\u1ed9ng \u0111\u1ed3ng ATT\" \/>\n<meta property=\"og:url\" content=\"https:\/\/attvietnamjsc.com\/vi\/cong-dong-att\/\" \/>\n<meta property=\"og:site_name\" content=\"ATT VIETNAM INVESTMENT TECHNOLOGY JSC\" \/>\n<meta property=\"article:modified_time\" content=\"2023-10-21T04:02:59+00:00\" \/>\n<meta property=\"og:image\" content=\"https:\/\/attvietnamjsc.com\/wp-content\/uploads\/2016\/08\/dummy-1.jpg\" \/>\n\t<meta property=\"og:image:width\" content=\"400\" \/>\n\t<meta property=\"og:image:height\" content=\"260\" \/>\n\t<meta property=\"og:image:type\" content=\"image\/jpeg\" \/>\n<meta name=\"twitter:card\" content=\"summary_large_image\" \/>\n<meta name=\"twitter:label1\" content=\"Est. reading time\" \/>\n\t<meta name=\"twitter:data1\" content=\"1 minute\" \/>\n<script type=\"application\/ld+json\" class=\"yoast-schema-graph\">{\"@context\":\"https:\/\/schema.org\",\"@graph\":[{\"@type\":\"WebPage\",\"@id\":\"https:\/\/attvietnamjsc.com\/vi\/cong-dong-att\/\",\"url\":\"https:\/\/attvietnamjsc.com\/vi\/cong-dong-att\/\",\"name\":\"C\u1ed9ng \u0111\u1ed3ng ATT - ATT VIETNAM INVESTMENT TECHNOLOGY JSC\",\"isPartOf\":{\"@id\":\"https:\/\/attvietnamjsc.com\/#website\"},\"primaryImageOfPage\":{\"@id\":\"https:\/\/attvietnamjsc.com\/vi\/cong-dong-att\/#primaryimage\"},\"image\":{\"@id\":\"https:\/\/attvietnamjsc.com\/vi\/cong-dong-att\/#primaryimage\"},\"thumbnailUrl\":\"https:\/\/attvietnamjsc.com\/wp-content\/uploads\/2016\/08\/dummy-1.jpg\",\"datePublished\":\"2023-10-21T03:42:44+00:00\",\"dateModified\":\"2023-10-21T04:02:59+00:00\",\"breadcrumb\":{\"@id\":\"https:\/\/attvietnamjsc.com\/vi\/cong-dong-att\/#breadcrumb\"},\"inLanguage\":\"vi-VN\",\"potentialAction\":[{\"@type\":\"ReadAction\",\"target\":[\"https:\/\/attvietnamjsc.com\/vi\/cong-dong-att\/\"]}]},{\"@type\":\"ImageObject\",\"inLanguage\":\"vi-VN\",\"@id\":\"https:\/\/attvietnamjsc.com\/vi\/cong-dong-att\/#primaryimage\",\"url\":\"https:\/\/attvietnamjsc.com\/wp-content\/uploads\/2016\/08\/dummy-1.jpg\",\"contentUrl\":\"https:\/\/attvietnamjsc.com\/wp-content\/uploads\/2016\/08\/dummy-1.jpg\",\"width\":400,\"height\":260},{\"@type\":\"BreadcrumbList\",\"@id\":\"https:\/\/attvietnamjsc.com\/vi\/cong-dong-att\/#breadcrumb\",\"itemListElement\":[{\"@type\":\"ListItem\",\"position\":1,\"name\":\"Home\",\"item\":\"https:\/\/attvietnamjsc.com\/vi\/\"},{\"@type\":\"ListItem\",\"position\":2,\"name\":\"C\u1ed9ng \u0111\u1ed3ng ATT\"}]},{\"@type\":\"WebSite\",\"@id\":\"https:\/\/attvietnamjsc.com\/#website\",\"url\":\"https:\/\/attvietnamjsc.com\/\",\"name\":\"ATT VIETNAM INVESTMENT TECHNOLOGY JSC\",\"description\":\"ATT Vietnam JSC supply garment hangers, packaging solutions and hanger re-use programs to the world\u2019s largest retailers.\",\"potentialAction\":[{\"@type\":\"SearchAction\",\"target\":{\"@type\":\"EntryPoint\",\"urlTemplate\":\"https:\/\/attvietnamjsc.com\/?s={search_term_string}\"},\"query-input\":{\"@type\":\"PropertyValueSpecification\",\"valueRequired\":true,\"valueName\":\"search_term_string\"}}],\"inLanguage\":\"vi-VN\"}]}<\/script>\n<!-- \/ Yoast SEO Premium plugin. -->","yoast_head_json":{"title":"C\u1ed9ng \u0111\u1ed3ng ATT - ATT VIETNAM INVESTMENT TECHNOLOGY JSC","robots":{"index":"index","follow":"follow","max-snippet":"max-snippet:-1","max-image-preview":"max-image-preview:large","max-video-preview":"max-video-preview:-1"},"canonical":"https:\/\/attvietnamjsc.com\/vi\/cong-dong-att\/","og_locale":"vi_VN","og_type":"article","og_title":"C\u1ed9ng \u0111\u1ed3ng ATT","og_url":"https:\/\/attvietnamjsc.com\/vi\/cong-dong-att\/","og_site_name":"ATT VIETNAM INVESTMENT TECHNOLOGY JSC","article_modified_time":"2023-10-21T04:02:59+00:00","og_image":[{"width":400,"height":260,"url":"https:\/\/attvietnamjsc.com\/wp-content\/uploads\/2016\/08\/dummy-1.jpg","type":"image\/jpeg"}],"twitter_card":"summary_large_image","twitter_misc":{"Est. reading time":"1 minute"},"schema":{"@context":"https:\/\/schema.org","@graph":[{"@type":"WebPage","@id":"https:\/\/attvietnamjsc.com\/vi\/cong-dong-att\/","url":"https:\/\/attvietnamjsc.com\/vi\/cong-dong-att\/","name":"C\u1ed9ng \u0111\u1ed3ng ATT - ATT VIETNAM INVESTMENT TECHNOLOGY JSC","isPartOf":{"@id":"https:\/\/attvietnamjsc.com\/#website"},"primaryImageOfPage":{"@id":"https:\/\/attvietnamjsc.com\/vi\/cong-dong-att\/#primaryimage"},"image":{"@id":"https:\/\/attvietnamjsc.com\/vi\/cong-dong-att\/#primaryimage"},"thumbnailUrl":"https:\/\/attvietnamjsc.com\/wp-content\/uploads\/2016\/08\/dummy-1.jpg","datePublished":"2023-10-21T03:42:44+00:00","dateModified":"2023-10-21T04:02:59+00:00","breadcrumb":{"@id":"https:\/\/attvietnamjsc.com\/vi\/cong-dong-att\/#breadcrumb"},"inLanguage":"vi-VN","potentialAction":[{"@type":"ReadAction","target":["https:\/\/attvietnamjsc.com\/vi\/cong-dong-att\/"]}]},{"@type":"ImageObject","inLanguage":"vi-VN","@id":"https:\/\/attvietnamjsc.com\/vi\/cong-dong-att\/#primaryimage","url":"https:\/\/attvietnamjsc.com\/wp-content\/uploads\/2016\/08\/dummy-1.jpg","contentUrl":"https:\/\/attvietnamjsc.com\/wp-content\/uploads\/2016\/08\/dummy-1.jpg","width":400,"height":260},{"@type":"BreadcrumbList","@id":"https:\/\/attvietnamjsc.com\/vi\/cong-dong-att\/#breadcrumb","itemListElement":[{"@type":"ListItem","position":1,"name":"Home","item":"https:\/\/attvietnamjsc.com\/vi\/"},{"@type":"ListItem","position":2,"name":"C\u1ed9ng \u0111\u1ed3ng ATT"}]},{"@type":"WebSite","@id":"https:\/\/attvietnamjsc.com\/#website","url":"https:\/\/attvietnamjsc.com\/","name":"ATT VIETNAM INVESTMENT TECHNOLOGY JSC","description":"ATT Vietnam JSC supply garment hangers, packaging solutions and hanger re-use programs to the world\u2019s largest retailers.","potentialAction":[{"@type":"SearchAction","target":{"@type":"EntryPoint","urlTemplate":"https:\/\/attvietnamjsc.com\/?s={search_term_string}"},"query-input":{"@type":"PropertyValueSpecification","valueRequired":true,"valueName":"search_term_string"}}],"inLanguage":"vi-VN"}]}},"_links":{"self":[{"href":"https:\/\/attvietnamjsc.com\/vi\/wp-json\/wp\/v2\/pages\/1315","targetHints":{"allow":["GET"]}}],"collection":[{"href":"https:\/\/attvietnamjsc.com\/vi\/wp-json\/wp\/v2\/pages"}],"about":[{"href":"https:\/\/attvietnamjsc.com\/vi\/wp-json\/wp\/v2\/types\/page"}],"author":[{"embeddable":true,"href":"https:\/\/attvietnamjsc.com\/vi\/wp-json\/wp\/v2\/users\/2"}],"replies":[{"embeddable":true,"href":"https:\/\/attvietnamjsc.com\/vi\/wp-json\/wp\/v2\/comments?post=1315"}],"version-history":[{"count":3,"href":"https:\/\/attvietnamjsc.com\/vi\/wp-json\/wp\/v2\/pages\/1315\/revisions"}],"predecessor-version":[{"id":1328,"href":"https:\/\/attvietnamjsc.com\/vi\/wp-json\/wp\/v2\/pages\/1315\/revisions\/1328"}],"wp:featuredmedia":[{"embeddable":true,"href":"https:\/\/attvietnamjsc.com\/vi\/wp-json\/wp\/v2\/media\/18"}],"wp:attachment":[{"href":"https:\/\/attvietnamjsc.com\/vi\/wp-json\/wp\/v2\/media?parent=1315"}],"curies":[{"name":"wp","href":"https:\/\/api.w.org\/{rel}","templated":true}]}}